{"id":111,"date":"2021-03-21T15:49:55","date_gmt":"2021-03-21T14:49:55","guid":{"rendered":"http:\/\/www.prosportconcept.fr\/?page_id=111"},"modified":"2026-03-20T14:27:21","modified_gmt":"2026-03-20T13:27:21","slug":"qui-sommes-nous","status":"publish","type":"page","link":"https:\/\/www.prosportconcept.fr\/index.php\/qui-sommes-nous\/","title":{"rendered":"Qui sommes nous"},"content":{"rendered":"\n<p> Christophe DAMIEN, Pr\u00e9sident et Directeur de ProSportConcpet est entour\u00e9 d\u2019une \u00e9quipe p\u00e9dagogique dipl\u00f4m\u00e9e et d\u2019un personnel administratif form\u00e9e pour r\u00e9pondre aux exigences li\u00e9es aux dipl\u00f4mes mas \u00e9galement aux demandes du centre de formation.<\/p>\n\n\n\n<p>Ind\u00e9pendant depuis 2016, le centre de formation ProSportConcept s\u2019est d\u00e9velopp\u00e9 autour de 3 formations, le BP JEPS Multi- Activit\u00e9s Physiques ou Sportives (Ex BP JEPS APT), le BP JEPS Activit\u00e9s Physiques et Physiques de la Forme (Ex BP JEPS AF) et le CQP Intsructeur Fitness<br><\/p>\n\n\n\n<div class=\"wp-block-file\"><a id=\"wp-block-file--media-e78a088f-f7d7-4972-90d3-ff6fb3c4c36c\" href=\"https:\/\/www.prosportconcept.fr\/wp-content\/uploads\/2026\/03\/Organigramme-OF-mars-2026-1.pdf\">Organigramme OF<\/a><\/div>\n\n\n\n<p class=\"has-large-font-size\"><strong>Nos formateurs<\/strong><\/p>\n\n\n\n<p>DAMIEN Christophe, BEES Athl\u00e9tisme, Master STAPS, DU Pr\u00e9paration Physiques et \u00c9valuation de la Performance. Coordinateur de la formation BP JEPS APSF et BP JEPS MAPST.&nbsp;<\/p>\n\n\n\n<p>LABARTHE Gabrile, BP JEPS AF B<br><br>GIOVENCO Samuel, BP JEPS AF B<\/p>\n\n\n\n<p>N\u00c9COL Dan, BP JEPS APT et BP JEPS AF B<br><br>LEFRAN\u00c7OIS Victoria, CQP IF CC et MPT<\/p>\n\n\n\n<p>DE MOLDER Pauline, BP JEPS AF AB<\/p>\n\n\n\n<p class=\"has-large-font-size\"><strong>Contacts formation<\/strong><\/p>\n\n\n\n<p>Directeur et r\u00e9f\u00e9rent handicap, <strong>Christophe DAMIEN<\/strong><br>06 73 49 66 90<br><a href=\"mailto:info@prosportconcept.fr\">prosportconcept@gmail.com<\/a><\/p>\n\n\n\n<p>Secr\u00e9tariat et r\u00e9f\u00e9rente sociaux-\u00e9ducatif et apprentissage, <strong>Victoria LEFRAN\u00c7OIS<\/strong><br>07 69 69 76 63<br><a href=\"mailto:Leslie.prosportconcept@gmail.com\">victoria.prosportconcept@gmail.com<\/a><\/p>\n\n\n\n<div class=\"wp-block-file\"><a id=\"wp-block-file--media-32cec107-97a5-49dc-9c6a-f5a6dc13f1ee\" href=\"https:\/\/www.prosportconcept.fr\/wp-content\/uploads\/2025\/04\/Livret-accessibilite-2025.pdf\">Livret accessibilite\u0301<\/a><a href=\"https:\/\/www.prosportconcept.fr\/wp-content\/uploads\/2025\/04\/Livret-accessibilite-2025.pdf\" class=\"wp-block-file__button wp-element-button\" download aria-describedby=\"wp-block-file--media-32cec107-97a5-49dc-9c6a-f5a6dc13f1ee\">T\u00e9l\u00e9charger<\/a><\/div>\n\n\n\n<p><\/p>\n\n\n\n<p><\/p>\n\n\n\n<p><\/p>\n","protected":false},"excerpt":{"rendered":"<p>Christophe DAMIEN, Pr\u00e9sident et Directeur de ProSportConcpet est entour\u00e9 d\u2019une \u00e9quipe p\u00e9dagogique dipl\u00f4m\u00e9e et d\u2019un personnel administratif form\u00e9e pour r\u00e9pondre aux exigences li\u00e9es aux dipl\u00f4mes mas \u00e9galement aux demandes du centre de formation. Ind\u00e9pendant depuis 2016, le centre de formation ProSportConcept s\u2019est d\u00e9velopp\u00e9 autour de 3 formations, le BP JEPS Multi- Activit\u00e9s Physiques ou Sportives [&hellip;]<\/p>\n","protected":false},"author":1,"featured_media":0,"parent":0,"menu_order":0,"comment_status":"closed","ping_status":"closed","template":"","meta":{"_bbp_topic_count":0,"_bbp_reply_count":0,"_bbp_total_topic_count":0,"_bbp_total_reply_count":0,"_bbp_voice_count":0,"_bbp_anonymous_reply_count":0,"_bbp_topic_count_hidden":0,"_bbp_reply_count_hidden":0,"_bbp_forum_subforum_count":0,"footnotes":""},"class_list":["post-111","page","type-page","status-publish","hentry"],"_links":{"self":[{"href":"https:\/\/www.prosportconcept.fr\/index.php\/wp-json\/wp\/v2\/pages\/111","targetHints":{"allow":["GET"]}}],"collection":[{"href":"https:\/\/www.prosportconcept.fr\/index.php\/wp-json\/wp\/v2\/pages"}],"about":[{"href":"https:\/\/www.prosportconcept.fr\/index.php\/wp-json\/wp\/v2\/types\/page"}],"author":[{"embeddable":true,"href":"https:\/\/www.prosportconcept.fr\/index.php\/wp-json\/wp\/v2\/users\/1"}],"replies":[{"embeddable":true,"href":"https:\/\/www.prosportconcept.fr\/index.php\/wp-json\/wp\/v2\/comments?post=111"}],"version-history":[{"count":20,"href":"https:\/\/www.prosportconcept.fr\/index.php\/wp-json\/wp\/v2\/pages\/111\/revisions"}],"predecessor-version":[{"id":5991,"href":"https:\/\/www.prosportconcept.fr\/index.php\/wp-json\/wp\/v2\/pages\/111\/revisions\/5991"}],"wp:attachment":[{"href":"https:\/\/www.prosportconcept.fr\/index.php\/wp-json\/wp\/v2\/media?parent=111"}],"curies":[{"name":"wp","href":"https:\/\/api.w.org\/{rel}","templated":true}]}}