{"id":1300,"date":"2022-04-28T12:58:11","date_gmt":"2022-04-28T10:58:11","guid":{"rendered":"http:\/\/www.prosportconcept.fr\/?page_id=1300"},"modified":"2026-03-24T15:38:43","modified_gmt":"2026-03-24T14:38:43","slug":"apprentissage","status":"publish","type":"page","link":"https:\/\/www.prosportconcept.fr\/index.php\/apprentissage\/","title":{"rendered":"Apprentissage"},"content":{"rendered":"\n<p>Le document ci-dessous pr\u00e9sente le contrat d\u2019apprentissage, ainsi que les droits et obligations qui y sont associ\u00e9s. <br>Vous y trouverez \u00e9galement les documents \u00e0 compl\u00e9ter afin de permettre au centre de formation d\u2019\u00e9tablir le CERFA et la convention de formation.<br>Pour toute question relative \u00e0 l\u2019apprentissage, vous pouvez contacter directement Victoria :\u00a0<a>victoria.lefrancois@gmail.com<\/a><\/p>\n\n\n\n<p>L\u2019apprentissage est propos\u00e9 pour les BPJEPS dispens\u00e9s par le centre de formation, mais n\u2019est pas accessible pour le CQP Instructeur Fitness.<\/p>\n\n\n\n<p>L\u2019apprentissage est \u00e9galement ouvert aux personnes en situation de handicap. Pour toute demande \u00e0 ce sujet, merci de contacter le r\u00e9f\u00e9rent, Christophe Damien, \u00e0 l\u2019adresse suivante :\u00a0<a>prosportconcept@gmail.com<\/a><br><\/p>\n\n\n\n<div data-wp-interactive=\"core\/file\" class=\"wp-block-file\"><object data-wp-bind--hidden=\"!state.hasPdfPreview\" hidden class=\"wp-block-file__embed\" data=\"https:\/\/www.prosportconcept.fr\/wp-content\/uploads\/2026\/03\/Contrat-dapprentissage-2.pdf\" type=\"application\/pdf\" style=\"width:100%;height:600px\" aria-label=\"Contenu embarqu\u00e9 Contrat d&apos;apprentissage.\"><\/object><a id=\"wp-block-file--media-fb7f30d5-025e-4f19-b561-42619a44538b\" href=\"https:\/\/www.prosportconcept.fr\/wp-content\/uploads\/2026\/03\/Contrat-dapprentissage-2.pdf\">Contrat d&rsquo;apprentissage<\/a><a href=\"https:\/\/www.prosportconcept.fr\/wp-content\/uploads\/2026\/03\/Contrat-dapprentissage-2.pdf\" class=\"wp-block-file__button wp-element-button\" download aria-describedby=\"wp-block-file--media-fb7f30d5-025e-4f19-b561-42619a44538b\">T\u00e9l\u00e9charger<\/a><\/div>\n\n\n\n<p><\/p>\n","protected":false},"excerpt":{"rendered":"<p>Le document ci-dessous pr\u00e9sente le contrat d\u2019apprentissage, ainsi que les droits et obligations qui y sont associ\u00e9s. Vous y trouverez \u00e9galement les documents \u00e0 compl\u00e9ter afin de permettre au centre de formation d\u2019\u00e9tablir le CERFA et la convention de formation.Pour toute question relative \u00e0 l\u2019apprentissage, vous pouvez contacter directement Victoria :\u00a0victoria.lefrancois@gmail.com L\u2019apprentissage est propos\u00e9 pour [&hellip;]<\/p>\n","protected":false},"author":1,"featured_media":0,"parent":0,"menu_order":0,"comment_status":"closed","ping_status":"closed","template":"","meta":{"_bbp_topic_count":0,"_bbp_reply_count":0,"_bbp_total_topic_count":0,"_bbp_total_reply_count":0,"_bbp_voice_count":0,"_bbp_anonymous_reply_count":0,"_bbp_topic_count_hidden":0,"_bbp_reply_count_hidden":0,"_bbp_forum_subforum_count":0,"footnotes":""},"class_list":["post-1300","page","type-page","status-publish","hentry"],"_links":{"self":[{"href":"https:\/\/www.prosportconcept.fr\/index.php\/wp-json\/wp\/v2\/pages\/1300","targetHints":{"allow":["GET"]}}],"collection":[{"href":"https:\/\/www.prosportconcept.fr\/index.php\/wp-json\/wp\/v2\/pages"}],"about":[{"href":"https:\/\/www.prosportconcept.fr\/index.php\/wp-json\/wp\/v2\/types\/page"}],"author":[{"embeddable":true,"href":"https:\/\/www.prosportconcept.fr\/index.php\/wp-json\/wp\/v2\/users\/1"}],"replies":[{"embeddable":true,"href":"https:\/\/www.prosportconcept.fr\/index.php\/wp-json\/wp\/v2\/comments?post=1300"}],"version-history":[{"count":10,"href":"https:\/\/www.prosportconcept.fr\/index.php\/wp-json\/wp\/v2\/pages\/1300\/revisions"}],"predecessor-version":[{"id":6017,"href":"https:\/\/www.prosportconcept.fr\/index.php\/wp-json\/wp\/v2\/pages\/1300\/revisions\/6017"}],"wp:attachment":[{"href":"https:\/\/www.prosportconcept.fr\/index.php\/wp-json\/wp\/v2\/media?parent=1300"}],"curies":[{"name":"wp","href":"https:\/\/api.w.org\/{rel}","templated":true}]}}