{"id":1442,"date":"2022-06-16T13:18:05","date_gmt":"2022-06-16T11:18:05","guid":{"rendered":"http:\/\/www.prosportconcept.fr\/?page_id=1442"},"modified":"2022-10-17T17:44:52","modified_gmt":"2022-10-17T15:44:52","slug":"reseaux","status":"publish","type":"page","link":"https:\/\/www.prosportconcept.fr\/index.php\/reseaux\/","title":{"rendered":"R\u00e9seaux"},"content":{"rendered":"\n<p>Pour une communication reseaux facebook et instagram veuillez remplir les champs ci dessous. Ce travail pr\u00e9alable permettra \u00e0 Axelle de faire un post de qualit\u00e9. merci<\/p>\n\n\n\n<p><\/p>\n\n\n\n<div class=\"forminator-guttenberg\"><div class=\"forminator-ui forminator-custom-form forminator-custom-form-1440 forminator-design--default  forminator_ajax\" data-forminator-render=\"0\" data-form=\"forminator-module-1440\" data-uid=\"69e033e4dd4d9\"><br\/><\/div><form\r\n\t\t\t\tid=\"forminator-module-1440\"\r\n\t\t\t\tclass=\"forminator-ui forminator-custom-form forminator-custom-form-1440 forminator-design--default  forminator_ajax\"\r\n\t\t\t\tmethod=\"post\"\r\n\t\t\t\tdata-forminator-render=\"0\"\r\n\t\t\t\tdata-form-id=\"1440\"\r\n\t\t\t\tenctype=\"multipart\/form-data\" data-color-option=\"default\" data-design=\"default\" data-grid=\"open\" style=\"display: none;\"\r\n\t\t\t\tdata-uid=\"69e033e4dd4d9\"\r\n\t\t\t><div role=\"alert\" aria-live=\"polite\" class=\"forminator-response-message forminator-error\" aria-hidden=\"true\"><\/div><div class=\"forminator-row\"><div id=\"name-1\" class=\"forminator-field-name forminator-col forminator-col-12 \"><div class=\"forminator-field\"><label for=\"forminator-field-name-1_69e033e4dd4d9\" id=\"forminator-field-name-1_69e033e4dd4d9-label\" class=\"forminator-label\">Nom<\/label><input type=\"text\" name=\"name-1\" value=\"\" placeholder=\"Par exemple\u00a0: Jacques Martin\" id=\"forminator-field-name-1_69e033e4dd4d9\" class=\"forminator-input forminator-name--field\" aria-required=\"false\" autocomplete=\"name\" \/><\/div><\/div><\/div><div class=\"forminator-row\"><div id=\"select-1\" class=\"forminator-field-select forminator-col forminator-col-12 \"><div class=\"forminator-field\"><label for=\"forminator-form-1440__field--select-1_69e033e4dd4d9\" id=\"forminator-form-1440__field--select-1_69e033e4dd4d9-label\" class=\"forminator-label\">Liste s\u00e9lective<\/label><select  id=\"forminator-form-1440__field--select-1_69e033e4dd4d9\" class=\"forminator-select--field forminator-select2 forminator-select2-multiple\" data-required=\"\" name=\"select-1\" data-default-value=\"\" data-placeholder=\"\" data-search=\"false\" data-search-placeholder=\"\" data-checkbox=\"false\" data-allow-clear=\"false\" aria-labelledby=\"forminator-form-1440__field--select-1_69e033e4dd4d9-label\"><option value=\"ob4c\"  data-calculation=\"0\">OB4C<\/option><option value=\"prosportconcept\"  data-calculation=\"0\">Prosportconcept<\/option><\/select><\/div><\/div><\/div><div class=\"forminator-row\"><div id=\"date-1\" class=\"forminator-field-date forminator-col forminator-col-12 \"><div class=\"forminator-field\"><label for=\"forminator-field-date-1-picker_69e033e4dd4d9\" id=\"forminator-field-date-1-picker_69e033e4dd4d9-label\" class=\"forminator-label\">Date<\/label><div class=\"forminator-input-with-icon\"><span class=\"forminator-icon-calendar\" aria-hidden=\"true\"><\/span><input autocomplete=\"off\" type=\"text\" size=\"1\" name=\"date-1\" value=\"\" placeholder=\"Choisissez une date\" id=\"forminator-field-date-1-picker_69e033e4dd4d9\" class=\"forminator-input forminator-datepicker\" data-required=\"\" data-format=\"mm\/dd\/yy\" data-restrict-type=\"\" data-restrict=\"\" data-start-year=\"1926\" data-end-year=\"2126\" data-past-dates=\"enable\" data-start-of-week=\"1\" data-start-date=\"\" data-end-date=\"\" data-start-field=\"\" data-end-field=\"\" data-start-offset=\"\" data-end-offset=\"\" data-disable-date=\"\" data-disable-range=\"\" \/><\/div><\/div><\/div><\/div><div class=\"forminator-row\"><div id=\"textarea-1\" class=\"forminator-field-textarea forminator-col forminator-col-12 \"><div class=\"forminator-field\"><label for=\"forminator-field-textarea-1_69e033e4dd4d9\" id=\"forminator-field-textarea-1_69e033e4dd4d9-label\" class=\"forminator-label\">Objectif(s) du post<\/label><textarea name=\"textarea-1\" placeholder=\"Par exemple\u00a0: Mettre en avant les cours co, Les activit\u00e9s APT\" id=\"forminator-field-textarea-1_69e033e4dd4d9\" class=\"forminator-textarea\" rows=\"6\" style=\"--forminator-textarea-min-height:140px;\" ><\/textarea><\/div><\/div><\/div><div class=\"forminator-row\"><div id=\"textarea-4\" class=\"forminator-field-textarea forminator-col forminator-col-12 \"><div class=\"forminator-field\"><label for=\"forminator-field-textarea-4_69e033e4dd4d9\" id=\"forminator-field-textarea-4_69e033e4dd4d9-label\" class=\"forminator-label\">Cible<\/label><textarea name=\"textarea-4\" placeholder=\"Par exemple\u00a0: texte indicatif pour le champ texte\nVous pouvez ajouter une nouvelle ligne\" id=\"forminator-field-textarea-4_69e033e4dd4d9\" class=\"forminator-textarea\" rows=\"6\" style=\"--forminator-textarea-min-height:140px;\" ><\/textarea><\/div><\/div><\/div><div class=\"forminator-row\"><div id=\"textarea-2\" class=\"forminator-field-textarea forminator-col forminator-col-6 \"><div class=\"forminator-field\"><label for=\"forminator-field-textarea-2_69e033e4dd4d9\" id=\"forminator-field-textarea-2_69e033e4dd4d9-label\" class=\"forminator-label\">Descritif de l&#039;illustration<\/label><textarea name=\"textarea-2\" placeholder=\"Un jeune qui fait de cano\u00e9...\" id=\"forminator-field-textarea-2_69e033e4dd4d9\" class=\"forminator-textarea\" rows=\"6\" style=\"--forminator-textarea-min-height:140px;\" ><\/textarea><\/div><\/div><div id=\"upload-1\" class=\"forminator-field-upload forminator-col forminator-col-6 \"><div class=\"forminator-field\"><label for=\"forminator-field-upload-1_69e033e4dd4d9\" id=\"forminator-field-upload-1_69e033e4dd4d9-label\" class=\"forminator-label\">Si photo<\/label><div class=\"forminator-multi-upload \" data-element=\"upload-1_69e033e4dd4d9\"><input type=\"file\" name=\"upload-1[]\" id=\"forminator-field-upload-1_69e033e4dd4d9\" class=\"forminator-input-file forminator-field-upload-1_69e033e4dd4d9-1440\" multiple=\"multiple\" data-method=\"ajax\" data-size=\"8000000\" data-size-message=\"Maximum file size allowed is 8 MB. \"><div class=\"forminator-multi-upload-message\" aria-hidden=\"true\"><span class=\"forminator-icon-upload\" aria-hidden=\"true\"><\/span><p>Glissez et d\u00e9posez (ou) <a class=\"forminator-upload-file--forminator-field-upload-1_69e033e4dd4d9\" href=\"#\" onclick=\"return false;\">Choisissez des fichiers<\/a><\/p><\/div><\/div><ul class=\"forminator-uploaded-files upload-container-upload-1_69e033e4dd4d9\"><\/ul><\/div><\/div><\/div><div class=\"forminator-row\"><div id=\"textarea-3\" class=\"forminator-field-textarea forminator-col forminator-col-12 \"><div class=\"forminator-field\"><label for=\"forminator-field-textarea-3_69e033e4dd4d9\" id=\"forminator-field-textarea-3_69e033e4dd4d9-label\" class=\"forminator-label\">Contenu du texte<\/label><textarea name=\"textarea-3\" placeholder=\"les AF ont fait aujourdhui de l&#039;halterophilie...\" id=\"forminator-field-textarea-3_69e033e4dd4d9\" class=\"forminator-textarea\" rows=\"6\" style=\"--forminator-textarea-min-height:140px;\" ><\/textarea><\/div><\/div><\/div><input type=\"hidden\" name=\"referer_url\" value=\"\" \/><div class=\"forminator-row forminator-row-last\"><div class=\"forminator-col\"><div class=\"forminator-field\"><button class=\"forminator-button forminator-button-submit\">Envoyer le message<\/button><\/div><\/div><\/div><input type=\"hidden\" id=\"forminator_nonce\" name=\"forminator_nonce\" value=\"c283402db7\" \/><input type=\"hidden\" name=\"_wp_http_referer\" value=\"\/index.php\/wp-json\/wp\/v2\/pages\/1442\" \/><input type=\"hidden\" name=\"form_id\" value=\"1440\"><input type=\"hidden\" name=\"page_id\" value=\"1442\"><input type=\"hidden\" name=\"form_type\" value=\"default\"><input type=\"hidden\" name=\"current_url\" value=\"https:\/\/www.prosportconcept.fr\/index.php\/reseaux\/\"><input type=\"hidden\" name=\"render_id\" value=\"0\"><input type=\"hidden\" name=\"forminator-multifile-hidden\" class=\"forminator-multifile-hidden\"><input type=\"hidden\" name=\"action\" value=\"forminator_submit_form_custom-forms\"><\/form><\/div>\n","protected":false},"excerpt":{"rendered":"<p>Pour une communication reseaux facebook et instagram veuillez remplir les champs ci dessous. Ce travail pr\u00e9alable permettra \u00e0 Axelle de faire un post de qualit\u00e9. merci<\/p>\n","protected":false},"author":1,"featured_media":0,"parent":0,"menu_order":0,"comment_status":"closed","ping_status":"closed","template":"","meta":{"_bbp_topic_count":0,"_bbp_reply_count":0,"_bbp_total_topic_count":0,"_bbp_total_reply_count":0,"_bbp_voice_count":0,"_bbp_anonymous_reply_count":0,"_bbp_topic_count_hidden":0,"_bbp_reply_count_hidden":0,"_bbp_forum_subforum_count":0,"footnotes":""},"class_list":["post-1442","page","type-page","status-publish","hentry"],"_links":{"self":[{"href":"https:\/\/www.prosportconcept.fr\/index.php\/wp-json\/wp\/v2\/pages\/1442","targetHints":{"allow":["GET"]}}],"collection":[{"href":"https:\/\/www.prosportconcept.fr\/index.php\/wp-json\/wp\/v2\/pages"}],"about":[{"href":"https:\/\/www.prosportconcept.fr\/index.php\/wp-json\/wp\/v2\/types\/page"}],"author":[{"embeddable":true,"href":"https:\/\/www.prosportconcept.fr\/index.php\/wp-json\/wp\/v2\/users\/1"}],"replies":[{"embeddable":true,"href":"https:\/\/www.prosportconcept.fr\/index.php\/wp-json\/wp\/v2\/comments?post=1442"}],"version-history":[{"count":3,"href":"https:\/\/www.prosportconcept.fr\/index.php\/wp-json\/wp\/v2\/pages\/1442\/revisions"}],"predecessor-version":[{"id":1540,"href":"https:\/\/www.prosportconcept.fr\/index.php\/wp-json\/wp\/v2\/pages\/1442\/revisions\/1540"}],"wp:attachment":[{"href":"https:\/\/www.prosportconcept.fr\/index.php\/wp-json\/wp\/v2\/media?parent=1442"}],"curies":[{"name":"wp","href":"https:\/\/api.w.org\/{rel}","templated":true}]}}