{"id":1740,"date":"2023-01-21T11:50:41","date_gmt":"2023-01-21T10:50:41","guid":{"rendered":"http:\/\/www.prosportconcept.fr\/?page_id=1740"},"modified":"2023-01-21T11:50:41","modified_gmt":"2023-01-21T10:50:41","slug":"demande-de-rendez-vous-test","status":"publish","type":"page","link":"https:\/\/www.prosportconcept.fr\/index.php\/demande-de-rendez-vous-test\/","title":{"rendered":"Demande de rendez vous TEST"},"content":{"rendered":"\n<div class=\"forminator-guttenberg\"><div class=\"forminator-ui forminator-custom-form forminator-custom-form-1739 forminator-design--default  forminator_ajax\" data-forminator-render=\"0\" data-form=\"forminator-module-1739\" data-uid=\"69e06dcadb53b\"><br\/><\/div><form\r\n\t\t\t\tid=\"forminator-module-1739\"\r\n\t\t\t\tclass=\"forminator-ui forminator-custom-form forminator-custom-form-1739 forminator-design--default  forminator_ajax\"\r\n\t\t\t\tmethod=\"post\"\r\n\t\t\t\tdata-forminator-render=\"0\"\r\n\t\t\t\tdata-form-id=\"1739\"\r\n\t\t\t\t data-color-option=\"default\" data-design=\"default\" data-grid=\"open\" style=\"display: none;\"\r\n\t\t\t\tdata-uid=\"69e06dcadb53b\"\r\n\t\t\t><div role=\"alert\" aria-live=\"polite\" class=\"forminator-response-message forminator-error\" aria-hidden=\"true\"><\/div><div class=\"forminator-row\"><div id=\"name-1\" class=\"forminator-field-name forminator-col forminator-col-12 \"><div class=\"forminator-row forminator-no-margin\" data-multiple=\"true\"><div class=\"forminator-col forminator-col-md-6\"><div class=\"forminator-field\"><label for=\"forminator-field-1739__field--name-1_69e06dcadb53b\" id=\"forminator-field-1739__field--name-1_69e06dcadb53b-label\" class=\"forminator-label\">Pr\u00e9fixe<\/label><select name=\"name-1-prefix\" id=\"forminator-field-1739__field--name-1_69e06dcadb53b\" class=\"forminator-select2\" data-multi=\"1\" autocomplete=\"honorific-prefix\" aria-labelledby=\"forminator-field-1739__field--name-1_69e06dcadb53b-label\" data-default-value=\"\"><option value=\"Mr\" >M.<\/option><option value=\"Mrs\" >Mme<\/option><option value=\"Ms\" >Mme<\/option><option value=\"Mx\" >Mx<\/option><option value=\"Miss\" >Mlle<\/option><option value=\"Dr\" >Dr.<\/option><option value=\"Prof\" >Prof.<\/option><\/select><\/div><\/div><div class=\"forminator-col forminator-col-md-6\"><div class=\"forminator-field\"><label for=\"forminator-field-first-name-1_69e06dcadb53b\" id=\"forminator-field-first-name-1_69e06dcadb53b-label\" class=\"forminator-label\">Pr\u00e9nom <span class=\"forminator-required\">*<\/span><\/label><input type=\"text\" name=\"name-1-first-name\" placeholder=\"Par exemple\u00a0: Jean\" id=\"forminator-field-first-name-1_69e06dcadb53b\" class=\"forminator-input\" aria-required=\"true\" data-multi=\"1\" autocomplete=\"given-name\" value=\"\" \/><\/div><\/div><div class=\"forminator-col forminator-col-md-6\"><div class=\"forminator-field\"><label for=\"forminator-field-middle-name-1_69e06dcadb53b\" id=\"forminator-field-middle-name-1_69e06dcadb53b-label\" class=\"forminator-label\">Deuxi\u00e8me pr\u00e9nom<\/label><input type=\"text\" name=\"name-1-middle-name\" placeholder=\"Par exemple\u00a0: Dupont\" id=\"forminator-field-middle-name-1_69e06dcadb53b\" class=\"forminator-input\" aria-required=\"false\" data-multi=\"1\" autocomplete=\"additional-name\" value=\"\" \/><\/div><\/div><div class=\"forminator-col forminator-col-md-6\"><div class=\"forminator-field\"><label for=\"forminator-field-last-name-1_69e06dcadb53b\" id=\"forminator-field-last-name-1_69e06dcadb53b-label\" class=\"forminator-label\">Nom de famille <span class=\"forminator-required\">*<\/span><\/label><input type=\"text\" name=\"name-1-last-name\" placeholder=\"Par exemple\u00a0: Durand\" id=\"forminator-field-last-name-1_69e06dcadb53b\" class=\"forminator-input\" aria-required=\"true\" data-multi=\"1\" autocomplete=\"family-name\" value=\"\" \/><\/div><\/div><\/div><\/div><\/div><div class=\"forminator-row\"><div id=\"email-1\" class=\"forminator-field-email forminator-col forminator-col-12 \"><div class=\"forminator-field\"><label for=\"forminator-field-email-1_69e06dcadb53b\" id=\"forminator-field-email-1_69e06dcadb53b-label\" class=\"forminator-label\">Adresse de messagerie <span class=\"forminator-required\">*<\/span><\/label><input type=\"email\" name=\"email-1\" value=\"\" placeholder=\"Par exemple\u00a0: jacques@martin.com\" id=\"forminator-field-email-1_69e06dcadb53b\" class=\"forminator-input forminator-email--field\" data-required=\"true\" aria-required=\"true\" autocomplete=\"email\" \/><\/div><\/div><\/div><div class=\"forminator-row\"><div id=\"phone-1\" class=\"forminator-field-phone forminator-col forminator-col-12 \"><div class=\"forminator-field\"><label for=\"forminator-field-phone-1_69e06dcadb53b\" id=\"forminator-field-phone-1_69e06dcadb53b-label\" class=\"forminator-label\">Num\u00e9ro de t\u00e9l\u00e9phone <span class=\"forminator-required\">*<\/span><\/label><input type=\"text\" name=\"phone-1\" value=\"\" placeholder=\"Par exemple\u00a0: +1 02 03 04 05\" id=\"forminator-field-phone-1_69e06dcadb53b\" class=\"forminator-input forminator-field--phone\" data-required=\"1\" aria-required=\"true\" autocomplete=\"off\" data-validation=\"1\" \/><\/div><\/div><\/div><div class=\"forminator-row\"><div id=\"checkbox-1\" class=\"forminator-field-checkbox forminator-col forminator-col-12 \"><div role=\"group\" class=\"forminator-field\" aria-labelledby=\"forminator-checkbox-group-forminator-field-checkbox-1-69e06dcadb53b-label\"><span id=\"forminator-checkbox-group-forminator-field-checkbox-1-69e06dcadb53b-label\" class=\"forminator-label\">TEST<\/span><label id=\"forminator-field-checkbox-1-1-69e06dcadb53b-label\" for=\"forminator-field-checkbox-1-1-69e06dcadb53b\" class=\"forminator-checkbox\" title=\"Postural\"><input type=\"checkbox\" name=\"checkbox-1[]\" value=\"one\" id=\"forminator-field-checkbox-1-1-69e06dcadb53b\" aria-labelledby=\"forminator-field-checkbox-1-1-69e06dcadb53b-label\" data-calculation=\"0\"  \/><span class=\"forminator-checkbox-box\" aria-hidden=\"true\"><\/span><span class=\"forminator-checkbox-label\">Postural<\/span><\/label><label id=\"forminator-field-checkbox-1-2-69e06dcadb53b-label\" for=\"forminator-field-checkbox-1-2-69e06dcadb53b\" class=\"forminator-checkbox\" title=\"Mobilit\u00e9\"><input type=\"checkbox\" name=\"checkbox-1[]\" value=\"two\" id=\"forminator-field-checkbox-1-2-69e06dcadb53b\" aria-labelledby=\"forminator-field-checkbox-1-2-69e06dcadb53b-label\" data-calculation=\"0\"  \/><span class=\"forminator-checkbox-box\" aria-hidden=\"true\"><\/span><span class=\"forminator-checkbox-label\">Mobilit\u00e9<\/span><\/label><label id=\"forminator-field-checkbox-1-3-69e06dcadb53b-label\" for=\"forminator-field-checkbox-1-3-69e06dcadb53b\" class=\"forminator-checkbox\" title=\"Inbody\"><input type=\"checkbox\" name=\"checkbox-1[]\" value=\"Inbody\" id=\"forminator-field-checkbox-1-3-69e06dcadb53b\" aria-labelledby=\"forminator-field-checkbox-1-3-69e06dcadb53b-label\" data-calculation=\"0\"  \/><span class=\"forminator-checkbox-box\" aria-hidden=\"true\"><\/span><span class=\"forminator-checkbox-label\">Inbody<\/span><\/label><label id=\"forminator-field-checkbox-1-4-69e06dcadb53b-label\" for=\"forminator-field-checkbox-1-4-69e06dcadb53b\" class=\"forminator-checkbox\" title=\"Tests ISO MAX\"><input type=\"checkbox\" name=\"checkbox-1[]\" value=\"Tests-ISO-MAX\" id=\"forminator-field-checkbox-1-4-69e06dcadb53b\" aria-labelledby=\"forminator-field-checkbox-1-4-69e06dcadb53b-label\" data-calculation=\"0\"  \/><span class=\"forminator-checkbox-box\" aria-hidden=\"true\"><\/span><span class=\"forminator-checkbox-label\">Tests ISO MAX<\/span><\/label><label id=\"forminator-field-checkbox-1-5-69e06dcadb53b-label\" for=\"forminator-field-checkbox-1-5-69e06dcadb53b\" class=\"forminator-checkbox\" title=\"Tests plateforme de force\"><input type=\"checkbox\" name=\"checkbox-1[]\" value=\"Tests-plateforme-de-force\" id=\"forminator-field-checkbox-1-5-69e06dcadb53b\" aria-labelledby=\"forminator-field-checkbox-1-5-69e06dcadb53b-label\" data-calculation=\"0\"  \/><span class=\"forminator-checkbox-box\" aria-hidden=\"true\"><\/span><span class=\"forminator-checkbox-label\">Tests plateforme de force<\/span><\/label><label id=\"forminator-field-checkbox-1-6-69e06dcadb53b-label\" for=\"forminator-field-checkbox-1-6-69e06dcadb53b\" class=\"forminator-checkbox\" title=\"Autre\"><input type=\"checkbox\" name=\"checkbox-1[]\" value=\"Autre\" id=\"forminator-field-checkbox-1-6-69e06dcadb53b\" aria-labelledby=\"forminator-field-checkbox-1-6-69e06dcadb53b-label\" data-calculation=\"0\"  \/><span class=\"forminator-checkbox-box\" aria-hidden=\"true\"><\/span><span class=\"forminator-checkbox-label\">Autre<\/span><\/label><\/div><\/div><\/div><input type=\"hidden\" name=\"referer_url\" value=\"\" \/><div class=\"forminator-row forminator-row-last\"><div class=\"forminator-col\"><div class=\"forminator-field\"><button class=\"forminator-button forminator-button-submit\">Demander un devis<\/button><\/div><\/div><\/div><input type=\"hidden\" id=\"forminator_nonce\" name=\"forminator_nonce\" value=\"4d791c08a1\" \/><input type=\"hidden\" name=\"_wp_http_referer\" value=\"\/index.php\/wp-json\/wp\/v2\/pages\/1740\" \/><input type=\"hidden\" name=\"form_id\" value=\"1739\"><input type=\"hidden\" name=\"page_id\" value=\"1740\"><input type=\"hidden\" name=\"form_type\" value=\"default\"><input type=\"hidden\" name=\"current_url\" value=\"https:\/\/www.prosportconcept.fr\/index.php\/demande-de-rendez-vous-test\/\"><input type=\"hidden\" name=\"render_id\" value=\"0\"><input type=\"hidden\" name=\"action\" value=\"forminator_submit_form_custom-forms\"><\/form><\/div>\n","protected":false},"excerpt":{"rendered":"","protected":false},"author":1,"featured_media":0,"parent":0,"menu_order":0,"comment_status":"closed","ping_status":"closed","template":"","meta":{"_bbp_topic_count":0,"_bbp_reply_count":0,"_bbp_total_topic_count":0,"_bbp_total_reply_count":0,"_bbp_voice_count":0,"_bbp_anonymous_reply_count":0,"_bbp_topic_count_hidden":0,"_bbp_reply_count_hidden":0,"_bbp_forum_subforum_count":0,"footnotes":""},"class_list":["post-1740","page","type-page","status-publish","hentry"],"_links":{"self":[{"href":"https:\/\/www.prosportconcept.fr\/index.php\/wp-json\/wp\/v2\/pages\/1740","targetHints":{"allow":["GET"]}}],"collection":[{"href":"https:\/\/www.prosportconcept.fr\/index.php\/wp-json\/wp\/v2\/pages"}],"about":[{"href":"https:\/\/www.prosportconcept.fr\/index.php\/wp-json\/wp\/v2\/types\/page"}],"author":[{"embeddable":true,"href":"https:\/\/www.prosportconcept.fr\/index.php\/wp-json\/wp\/v2\/users\/1"}],"replies":[{"embeddable":true,"href":"https:\/\/www.prosportconcept.fr\/index.php\/wp-json\/wp\/v2\/comments?post=1740"}],"version-history":[{"count":1,"href":"https:\/\/www.prosportconcept.fr\/index.php\/wp-json\/wp\/v2\/pages\/1740\/revisions"}],"predecessor-version":[{"id":1741,"href":"https:\/\/www.prosportconcept.fr\/index.php\/wp-json\/wp\/v2\/pages\/1740\/revisions\/1741"}],"wp:attachment":[{"href":"https:\/\/www.prosportconcept.fr\/index.php\/wp-json\/wp\/v2\/media?parent=1740"}],"curies":[{"name":"wp","href":"https:\/\/api.w.org\/{rel}","templated":true}]}}