{"id":2,"date":"2021-03-21T13:29:21","date_gmt":"2021-03-21T12:29:21","guid":{"rendered":"http:\/\/www.prosportconcept.fr\/?page_id=2"},"modified":"2026-03-31T15:34:05","modified_gmt":"2026-03-31T13:34:05","slug":"page-d-exemple","status":"publish","type":"page","link":"https:\/\/www.prosportconcept.fr\/index.php\/page-d-exemple\/","title":{"rendered":"BP JEPS MAPST"},"content":{"rendered":"\n<div class=\"wp-block-group is-vertical is-layout-flex wp-container-core-group-is-layout-8cf370e7 wp-block-group-is-layout-flex\">\n<div class=\"wp-block-group is-vertical is-layout-flex wp-container-core-group-is-layout-8cad6afd wp-block-group-is-layout-flex\">\n<h5 class=\"wp-block-heading has-small-font-size\">BP JEPS Multi-Activit\u00e9s Physiques ou Sportives pour Tous (MAPST)<\/h5>\n\n\n\n<p class=\"has-small-font-size\"><strong>Dipl\u00f4me de niveau IV<\/strong><\/p>\n\n\n\n<p class=\"has-small-font-size\"><strong>RNCP 37191&nbsp;<\/strong> <strong><a href=\"https:\/\/www.francecompetences.fr\/recherche\/rncp\/37191\/\" data-type=\"link\" data-id=\"https:\/\/www.francecompetences.fr\/recherche\/rncp\/37191\/\">Fiche France Comp\u00e9tences<\/a>&nbsp;<\/strong><\/p>\n\n\n\n<p class=\"has-medium-font-size\"><br><strong>LE M\u00c9TIER<\/strong><\/p>\n\n\n\n<p class=\"has-small-font-size\">Le titulaire de ce dipl\u00f4me travaille aupr\u00e8s de tous les publics, de tout \u00e2ge : de la petite enfance aux s\u00e9niors, et notamment le public d\u2019\u00e2ge scolaire au sein d\u2019une (ou plusieurs) structure.<br>Il intervient seul ou en \u00e9quipe, accueille le public et l\u2019informe.<\/p>\n\n\n\n<p class=\"has-small-font-size\">L\u2019animateur exerce ses fonctions au sein des collectivit\u00e9s locales, d\u2019associations notamment sportives, et d\u2019\u00e9tablissements d\u2019activit\u00e9s physiques ou sportives, voir des structures priv\u00e9es. L\u2019animateur peut exercer autant en ext\u00e9rieur qu\u2019en int\u00e9rieur. Il doit garantir aux participants des conditions optimales de s\u00e9curit\u00e9, gr\u00e2ce \u00e0 ses comp\u00e9tences dans&nbsp;3 domaines diff\u00e9rents : l\u2019Activit\u00e9s Physiques d\u2019Entretien Corporel (APEC) \/ l\u2019Activit\u00e9s Physiques ou Sportives et Jeux Sportifs (APJS) \/ l\u2019Activit\u00e9s Physiques en Espace Naturel (APEN)<\/p>\n\n\n\n<p class=\"has-medium-font-size\"><br><strong>LE PARCOURS DE FORMATION<\/strong><\/p>\n\n\n\n<p class=\"has-small-font-size\">D\u00e9but de formation au <strong>07\/01\/2026<\/strong> avec une fin pr\u00e9vue au <strong>27\/11\/2026<\/strong><\/p>\n\n\n\n<p class=\"has-small-font-size\">Formation par alternance (apprentissage) ou en parcours de formation initiale (stagiaire).<\/p>\n\n\n\n<p class=\"has-small-font-size\">Structure de stage obligatoire dans toutes structures priv\u00e9es ou associatives r\u00e9pondant aux domaines du Multi-APST<\/p>\n\n\n\n<p class=\"has-small-font-size\">Le ruban p\u00e9dagogique est calqu\u00e9 sur le calendrier des vacances scolaires de notre r\u00e9gion (ZONE A)<\/p>\n\n\n\n<p class=\"has-small-font-size\">Les jours de cours (uniquement) seront identifi\u00e9s en bloc de comp\u00e9tences avant le 31 juillet 2025.<\/p>\n\n\n\n<div class=\"wp-block-file\"><a id=\"wp-block-file--media-535d3e30-e39a-450c-b1f3-95d143e2e946\" href=\"https:\/\/www.prosportconcept.fr\/wp-content\/uploads\/2026\/03\/Ruban-pedagogique-MAPST-2027.pdf\" target=\"_blank\" rel=\"noreferrer noopener\">Ruban pe\u0301dagogique MAPST 2027<\/a><\/div>\n\n\n\n<p class=\"has-medium-font-size\"><br><strong>LE CONTENU DE LA FORMATION<\/strong><\/p>\n\n\n\n<p class=\"has-small-font-size\">L\u2019<a href=\"https:\/\/www.legifrance.gouv.fr\/jorf\/id\/JORFTEXT000050685688\" data-type=\"link\" data-id=\"https:\/\/www.legifrance.gouv.fr\/jorf\/id\/JORFTEXT000050685688\">Arr\u00eat\u00e9<\/a> publi\u00e9 du BP JEPS Multi-APST <\/p>\n\n\n\n<p class=\"has-small-font-size\">ProSportConcept est totalement autonome sur toutes les activit\u00e9s physiques ou sportives gr\u00e2ce \u00e0 son mat\u00e9riel, ses \u00e9quipements et son centre de formation.<\/p>\n\n\n\n<p class=\"has-small-font-size\">Les \u00e9valuations sont sous 3 blocs de comp\u00e9tences&nbsp;:<\/p>\n\n\n\n<p class=\"has-small-font-size\">BC1 <strong>Concevoir<\/strong>&nbsp;et&nbsp;<strong>mettre en \u0153uvre des projets d\u2019animation<\/strong><strong>&nbsp;<\/strong>dans le cadre de l\u2019organisation de travail d\u2019une structure du champ du sport ou de l\u2019animation<\/p>\n\n\n\n<p class=\"has-small-font-size\">Le candidat produit un document \u00e9crit personnel de 25 pages maximum explicitant la conception, la mise en \u0153uvre et la r\u00e9alisation d\u2019un projet d\u2019animation s\u2019inscrivant dans celui de la structure p\u00e9dagogique<\/p>\n\n\n\n<p class=\"has-small-font-size\">Le jour de l\u2019\u00e9preuve&nbsp;:<\/p>\n\n\n\n<ul class=\"wp-block-list\">\n<li class=\"has-small-font-size\">Pr\u00e9sentation du projet \u00e0 l\u2019oral par le candidat &#8211; 20\u2019<\/li>\n\n\n\n<li class=\"has-small-font-size\">\u00c9change avec les \u00e9valuateurs &#8211; 30\u2019<\/li>\n<\/ul>\n\n\n\n<p class=\"has-small-font-size\"><br>BC2 <strong>Valoriser les activit\u00e9s et les projets<\/strong>&nbsp;d\u2019une structure de sport ou de l\u2019animation<\/p>\n\n\n\n<p class=\"has-small-font-size\">Le candidat doit concevoir un ou plusieurs supports de son choix pr\u00e9sentant deux actions de valorisation d\u2019activit\u00e9 ou de projet qu\u2019il a mis en \u0153uvre au sein de la structure aupr\u00e8s de deux publics diff\u00e9rents en utilisant des outils de communication.<\/p>\n\n\n\n<p class=\"has-small-font-size\">Le jour de l\u2019\u00e9preuve&nbsp;:<\/p>\n\n\n\n<ul class=\"wp-block-list\">\n<li class=\"has-small-font-size\">Pr\u00e9sentation d\u2019un oral illustr\u00e9e par le candidat \u2013 10\u2019<\/li>\n\n\n\n<li class=\"has-small-font-size\">\u00c9change avec les deux \u00e9valuateurs \u2013 15\u2019<\/li>\n<\/ul>\n\n\n\n<p class=\"has-small-font-size\"><br>BC3 <strong>Concevoir, animer<\/strong>, en&nbsp;<strong>s\u00e9curit\u00e9<\/strong>&nbsp;et&nbsp;<strong>\u00e9valuer<\/strong>&nbsp;<strong>des s\u00e9ances et des cycles de s\u00e9ances<\/strong> d\u00e9couverte, d\u2019initiation et d\u2019apprentissage des Activit\u00e9s Physiques et sportives dans le cadre du projet et de l\u2019organisation de travail de la structure<\/p>\n\n\n\n<p class=\"has-small-font-size\">1 pr\u00e9requis + 2 \u00e9preuves distincts sont dans ce bloc<\/p>\n\n\n\n<p class=\"has-small-font-size\">Le pr\u00e9requis&nbsp;: Le tuteur ou responsable de la structure atteste par document aupr\u00e8s du centre de formation que le candidat a r\u00e9alis\u00e9 en structure&nbsp;3 s\u00e9ances cons\u00e9cutives minimum de d\u00e9couverte, d\u2019initiation ou d\u2019apprentissage en s\u00e9curit\u00e9 dans 2 domaines parmi&nbsp;l\u2019APEC, l\u2019APJS et l\u2019APEN(Le domaine non choisi sera le domaine \u00e9valu\u00e9 sur l\u2019\u00e9preuve 2)<\/p>\n\n\n\n<p class=\"has-small-font-size\"><strong>L\u2019\u00e9preuve 1&nbsp;:<\/strong><\/p>\n\n\n\n<p class=\"has-small-font-size\">Conception d\u2019un cycle de 6 s\u00e9ances minium dans chacun des domaines d\u2019activit\u00e9s (APEC, APJS et APEN) en lien avec le projet de la structure et avec 3 publics diff\u00e9rents (\u00e2ge, niveau de pratique, finalit\u00e9 de pratique).<\/p>\n\n\n\n<p class=\"has-small-font-size\">Le jour de l\u2019\u00e9preuve<\/p>\n\n\n\n<ul class=\"wp-block-list\">\n<li class=\"has-small-font-size\">Conduite de s\u00e9ance par le candidat de 45\u2019 \u00e0 90\u2019 observ\u00e9e par deux \u00e9valuateurs<\/li>\n\n\n\n<li class=\"has-small-font-size\">Entretien avec les deux \u00e9valuateurs apr\u00e8s la conduite de s\u00e9ance de 60\u2019 compos\u00e9e comme suit&nbsp;:<\/li>\n<\/ul>\n\n\n\n<p class=\"has-small-font-size\">Maximum 10\u2019 de pr\u00e9sentation par le candidat du bilan de l\u2019animation de la s\u00e9ance avec analyse et argumentaire sur ses choix p\u00e9dagogiques, techniques et s\u00e9curitaire.<\/p>\n\n\n\n<p class=\"has-small-font-size\">Le reste du temps doit \u00eatre utilis\u00e9 pour \u00e9changer avec les \u00e9valuateurs sur la conception, de pr\u00e9paration, d\u2019animation et d\u2019\u00e9valuation d\u2019une s\u00e9ance et d\u2019un cycle pour chacun des 3 domaines (30\u2019 max pour les s\u00e9ances et 30\u2019 max pour les cycles)&nbsp;<\/p>\n\n\n\n<p class=\"has-small-font-size\"><strong>L\u2019\u00e9preuve 2&nbsp;:<\/strong><\/p>\n\n\n\n<p class=\"has-small-font-size\">Le candidat s\u2019appuie sur le support personnel de son choix pour justifier et argumenter aupr\u00e8s de deux \u00e9valuateurs les conditions de s\u00e9curit\u00e9 et p\u00e9dagogique pour conduire en toute s\u00e9curit\u00e9 au moins deux s\u00e9ances d\u2019initiation ou d\u2019apprentissage dans deux domaines diff\u00e9rents parmis les activit\u00e9s physiques propos\u00e9es.<\/p>\n\n\n\n<p class=\"has-small-font-size\">Le jour de l\u2019\u00e9preuve&nbsp;<\/p>\n\n\n\n<ul class=\"wp-block-list\">\n<li class=\"has-small-font-size\">Pr\u00e9sentation orale par le candidat \u2013 10\u2019<\/li>\n\n\n\n<li class=\"has-small-font-size\">\u00c9change avec les deux \u00e9valuateurs \u2013 50\u2019<\/li>\n<\/ul>\n\n\n\n<div class=\"wp-block-file\"><a id=\"wp-block-file--media-1e878695-e924-49a0-bb60-7cdb37e59f7a\" href=\"https:\/\/www.prosportconcept.fr\/wp-content\/uploads\/2026\/03\/Programme-MAPST-2027.pdf\">Programme MAPST 2027<\/a><\/div>\n\n\n\n<p><\/p>\n\n\n\n<p><\/p>\n\n\n\n<p class=\"has-medium-font-size\"><strong>LES 5 PR\u00c9REQUIS<\/strong><\/p>\n\n\n\n<p class=\"has-small-font-size\">Avant d\u2019int\u00e9grer le BP JEPS, le candidat doit obligatoirement pouvoir valider chaque pr\u00e9requis.<\/p>\n\n\n\n<p class=\"has-small-font-size\">1. <strong>Valider les T.E.P Tests d\u2019Exigences Pr\u00e9alables<\/strong><\/p>\n\n\n\n<ul class=\"wp-block-list\">\n<li class=\"has-small-font-size\"><a href=\"https:\/\/www.legifrance.gouv.fr\/download\/pdf?id=IZ3hRx6bcNqEjwhuIUrgu7his7QpKRrPjLkXtX-kSmY=\">2 \u00e9preuves<\/a> : Luc L\u00e9ger Navette et Parcours d&rsquo;habilit\u00e9 motrice<\/li>\n\n\n\n<li class=\"has-small-font-size\">S\u2019inscrire \u00e0 Biarritz ou Tyrosse <a href=\"https:\/\/www.tep-aquitaine.fr\/\">ICI<\/a><\/li>\n<\/ul>\n\n\n\n<p class=\"has-small-font-size\">En cas de difficult\u00e9 pour la pr\u00e9paration au Luc L\u00e9ger, ProSportConcpet \u00e0 pr\u00e9parer et con\u00e7ut un programme sp\u00e9cifique gratuit, n\u2019h\u00e9sitez pas \u00e0 le demander lors de votre premier \u00e9change.<br><\/p>\n\n\n\n<p class=\"has-small-font-size\">2. Avoir une <strong>attestation de 1ers secours<\/strong> en cours de validit\u00e9<\/p>\n\n\n\n<p class=\"has-small-font-size\">\u00c0 passer aupr\u00e8s d\u2019un centre de secours, pompiers, Croix Rouge<\/p>\n\n\n\n<p class=\"has-small-font-size\">\u00c0 Seignosse<a href=\"https:\/\/sudouestsecourisme.com\/formation\/psc\/\"> ICI<\/a><br><br>3.Fournir la <strong>copie de sa carte d\u2019identit\u00e9<\/strong> ou passeport \u00e0 jour<br><\/p>\n\n\n\n<p class=\"has-small-font-size\">4.Fournir un <strong>certificat m\u00e9dical<\/strong> de moins de 1 an de non-contre-indication \u00e0 la pratique et l\u2019encadrement des activit\u00e9s physiques et sportives.<\/p>\n\n\n\n<div class=\"wp-block-file\"><a id=\"wp-block-file--media-b53d997f-08fc-4029-8210-1129f6b94846\" href=\"https:\/\/www.prosportconcept.fr\/wp-content\/uploads\/2025\/04\/Certificat-medical-toutes-formations-2.pdf\">Certificat me\u0301dical <\/a><\/div>\n\n\n\n<p class=\"has-small-font-size\">5. Et pour finir, valider les <strong>tests de s\u00e9lection<\/strong> pr\u00e9vus entre le 3\u00e8me semaine de d\u00e9cembre<\/p>\n\n\n\n<ul class=\"wp-block-list\">\n<li class=\"has-small-font-size\">Un oral coef 1 ayant pour objectif l\u2019\u00e9change sur les motivations du candidat<\/li>\n\n\n\n<li class=\"has-small-font-size\">Un \u00e9crit coef 2 permettant d\u2019\u00e9tudier la capacit\u00e9 r\u00e9dactionnelle et la force de proposition du candidat<br><em>Si moins de 20 candidats &#8211;&gt; les tests de s\u00e9lection serviront au positionnement <\/em><\/li>\n<\/ul>\n\n\n\n<p><\/p>\n\n\n\n<p><\/p>\n\n\n\n<p class=\"has-medium-font-size\"><strong>LE TARIF<\/strong><\/p>\n\n\n\n<p class=\"has-small-font-size\">Le tarif est fix\u00e9 \u00e0 5 900,00 \u20ac en parcours complet pour tout type de profil et d\u2019aide financi\u00e8re\/subvention.<\/p>\n\n\n\n<p class=\"has-small-font-size\">En cas d\u2019\u00e9quivalence ou all\u00e8gement, merci de faire votre demande devis \u00e0 l\u2019adresse suivante&nbsp;: victoria.prosportconcept@gmail.com<\/p>\n\n\n\n<p class=\"has-small-font-size\">\u00c9quivalence dans le <a href=\"https:\/\/www.legifrance.gouv.fr\/jorf\/id\/JORFTEXT000050685688\" data-type=\"link\" data-id=\"https:\/\/www.legifrance.gouv.fr\/jorf\/id\/JORFTEXT000050685688\">d\u00e9cret<\/a>&nbsp;<\/p>\n\n\n\n<p><\/p>\n\n\n\n<p><\/p>\n\n\n\n<p class=\"has-medium-font-size\"><strong>LES FINANCEMENTS DE FORMATION<\/strong><\/p>\n\n\n\n<p class=\"has-small-font-size\">En fonction du profil du candidat un financement peut \u00eatre identifiable ou un plan de financement&nbsp;:<\/p>\n\n\n\n<ul class=\"wp-block-list\">\n<li class=\"has-small-font-size\">Le <a href=\"https:\/\/www.prosportconcept.fr\/index.php\/apprentissage\/\" data-type=\"page\" data-id=\"1300\">contrat d\u2019apprentissage<\/a><\/li>\n\n\n\n<li class=\"has-small-font-size\">Les autres aides comme France Travail, la R\u00e9gion, l\u2019Agefice, la Mission Locale\u2026<\/li>\n\n\n\n<li class=\"has-small-font-size\">Personnel&nbsp;avec un plan de financement sur 15 mois maximum et\/ou utilisation de son CPF, voici le proc\u00e8s&nbsp;CPF&nbsp;:<\/li>\n<\/ul>\n\n\n\n<div class=\"wp-block-file\"><a id=\"wp-block-file--media-dc4d897a-82ed-4369-aa39-5b54a93928e5\" href=\"https:\/\/www.prosportconcept.fr\/wp-content\/uploads\/2025\/04\/Mobiliser-son-CPF-1.pdf\">Mobiliser son CPF<\/a><\/div>\n\n\n\n<p class=\"has-small-font-size\">Afin d\u2019\u00e9tudier, accompagner chaque profil et d\u00e9terminer les \u00e9tapes \u00e0 r\u00e9aliser, merci de contacter Victoria au 07 69 69 76 63 ou par mail \u00e0 <a href=\"mailto:leslie.prosportconcept@gmail.com\">victoria.prosportconcept@gmail.com<\/a><\/p>\n\n\n\n<p class=\"has-small-font-size\"><em>Flyer 2027 en cours de cr\u00e9ation <\/em><\/p>\n\n\n\n<p><\/p>\n\n\n\n<p><\/p>\n\n\n\n<p class=\"has-medium-font-size\"><strong>LE DOSSIER D\u2019INSCRIPTION<\/strong><\/p>\n\n\n\n<p class=\"has-small-font-size\"><br>Le dossier d\u2019inscription doit \u00eatre envoy\u00e9 au centre de formation au plus tard le 04\/12\/2026.<\/p>\n<\/div>\n<\/div>\n\n\n\n<div class=\"wp-block-file\"><a id=\"wp-block-file--media-13fb33ae-8196-47cc-b457-6a0ec82773b0\" href=\"https:\/\/www.prosportconcept.fr\/wp-content\/uploads\/2026\/03\/Dossier-dinscritpion-MAPST-2027-1.pdf\">Dossier d&rsquo;inscritpion MAPST 2027<\/a><\/div>\n\n\n\n<div class=\"wp-block-file\"><a id=\"wp-block-file--media-93f287b1-cee5-4223-913a-e8c5423e79cf\" href=\"https:\/\/www.prosportconcept.fr\/wp-content\/uploads\/2026\/03\/Flyer-MAPST-2027.pdf\">Flyer MAPST 2027<\/a><\/div>\n\n\n\n<p class=\"has-small-font-size\">Formation accessible aux personnes en situation de handicap <a href=\"https:\/\/www.prosportconcept.fr\/wp-content\/uploads\/2025\/04\/Livret-accessibilite-2025.pdf\">ICI<\/a><\/p>\n\n\n\n<p><\/p>\n","protected":false},"excerpt":{"rendered":"<p>BP JEPS Multi-Activit\u00e9s Physiques ou Sportives pour Tous (MAPST) Dipl\u00f4me de niveau IV RNCP 37191&nbsp; Fiche France Comp\u00e9tences&nbsp; LE M\u00c9TIER Le titulaire de ce dipl\u00f4me travaille aupr\u00e8s de tous les publics, de tout \u00e2ge : de la petite enfance aux s\u00e9niors, et notamment le public d\u2019\u00e2ge scolaire au sein d\u2019une (ou plusieurs) structure.Il intervient seul [&hellip;]<\/p>\n","protected":false},"author":1,"featured_media":0,"parent":0,"menu_order":0,"comment_status":"closed","ping_status":"open","template":"","meta":{"_bbp_topic_count":0,"_bbp_reply_count":0,"_bbp_total_topic_count":0,"_bbp_total_reply_count":0,"_bbp_voice_count":0,"_bbp_anonymous_reply_count":0,"_bbp_topic_count_hidden":0,"_bbp_reply_count_hidden":0,"_bbp_forum_subforum_count":0,"footnotes":""},"class_list":["post-2","page","type-page","status-publish","hentry"],"_links":{"self":[{"href":"https:\/\/www.prosportconcept.fr\/index.php\/wp-json\/wp\/v2\/pages\/2","targetHints":{"allow":["GET"]}}],"collection":[{"href":"https:\/\/www.prosportconcept.fr\/index.php\/wp-json\/wp\/v2\/pages"}],"about":[{"href":"https:\/\/www.prosportconcept.fr\/index.php\/wp-json\/wp\/v2\/types\/page"}],"author":[{"embeddable":true,"href":"https:\/\/www.prosportconcept.fr\/index.php\/wp-json\/wp\/v2\/users\/1"}],"replies":[{"embeddable":true,"href":"https:\/\/www.prosportconcept.fr\/index.php\/wp-json\/wp\/v2\/comments?post=2"}],"version-history":[{"count":29,"href":"https:\/\/www.prosportconcept.fr\/index.php\/wp-json\/wp\/v2\/pages\/2\/revisions"}],"predecessor-version":[{"id":6052,"href":"https:\/\/www.prosportconcept.fr\/index.php\/wp-json\/wp\/v2\/pages\/2\/revisions\/6052"}],"wp:attachment":[{"href":"https:\/\/www.prosportconcept.fr\/index.php\/wp-json\/wp\/v2\/media?parent=2"}],"curies":[{"name":"wp","href":"https:\/\/api.w.org\/{rel}","templated":true}]}}