{"id":2395,"date":"2023-07-08T14:30:51","date_gmt":"2023-07-08T12:30:51","guid":{"rendered":"http:\/\/www.prosportconcept.fr\/?page_id=2395"},"modified":"2026-02-07T12:34:21","modified_gmt":"2026-02-07T11:34:21","slug":"qcm-semi-technique","status":"publish","type":"page","link":"https:\/\/www.prosportconcept.fr\/index.php\/qcm-semi-technique\/","title":{"rendered":"QCM semi technique BP AF"},"content":{"rendered":"\n<div class=\"forminator-guttenberg\"><div class=\"forminator-ui forminator-custom-form forminator-custom-form-2038 forminator-design--default  forminator_ajax\" data-forminator-render=\"0\" data-form=\"forminator-module-2038\" data-uid=\"69f2bd126574c\"><br\/><\/div><form\r\n\t\t\t\tid=\"forminator-module-2038\"\r\n\t\t\t\tclass=\"forminator-ui forminator-custom-form forminator-custom-form-2038 forminator-design--default  forminator_ajax\"\r\n\t\t\t\tmethod=\"post\"\r\n\t\t\t\tdata-forminator-render=\"0\"\r\n\t\t\t\tdata-form-id=\"2038\"\r\n\t\t\t\t data-color-option=\"default\" data-design=\"default\" data-grid=\"open\" style=\"display: none;\"\r\n\t\t\t\tdata-uid=\"69f2bd126574c\"\r\n\t\t\t><div role=\"alert\" aria-live=\"polite\" class=\"forminator-response-message forminator-error\" aria-hidden=\"true\"><\/div><div class=\"forminator-row\"><div id=\"name-1\" class=\"forminator-field-name forminator-col forminator-col-12 \"><div class=\"forminator-field\"><label for=\"forminator-field-name-1_69f2bd126574c\" id=\"forminator-field-name-1_69f2bd126574c-label\" class=\"forminator-label\">Nom <span class=\"forminator-required\">*<\/span><\/label><input type=\"text\" name=\"name-1\" value=\"\" placeholder=\"Par exemple\u00a0: Jacques Martin\" id=\"forminator-field-name-1_69f2bd126574c\" class=\"forminator-input forminator-name--field\" aria-required=\"true\" autocomplete=\"name\" \/><\/div><\/div><\/div><div class=\"forminator-row\"><div id=\"email-1\" class=\"forminator-field-email forminator-col forminator-col-12 \"><div class=\"forminator-field\"><label for=\"forminator-field-email-1_69f2bd126574c\" id=\"forminator-field-email-1_69f2bd126574c-label\" class=\"forminator-label\">Adresse de messagerie<\/label><input type=\"email\" name=\"email-1\" value=\"\" placeholder=\"Par exemple\u00a0: jacques@martin.com\" id=\"forminator-field-email-1_69f2bd126574c\" class=\"forminator-input forminator-email--field\" data-required=\"\" aria-required=\"false\" autocomplete=\"email\" \/><\/div><\/div><\/div><div class=\"forminator-row\"><div id=\"checkbox-1\" class=\"forminator-field-checkbox forminator-col forminator-col-12 \"><div role=\"group\" class=\"forminator-field\" aria-labelledby=\"forminator-checkbox-group-forminator-field-checkbox-1-69f2bd126574c-label\"><span id=\"forminator-checkbox-group-forminator-field-checkbox-1-69f2bd126574c-label\" class=\"forminator-label\">Quels sont les semi techniques parmi la liste des exercices suivants<\/span><label id=\"forminator-field-checkbox-1-1-69f2bd126574c-label\" for=\"forminator-field-checkbox-1-1-69f2bd126574c\" class=\"forminator-checkbox\" title=\"Debout\"><input type=\"checkbox\" name=\"checkbox-1[]\" value=\"one\" id=\"forminator-field-checkbox-1-1-69f2bd126574c\" aria-labelledby=\"forminator-field-checkbox-1-1-69f2bd126574c-label\" data-calculation=\"0\"  \/><span class=\"forminator-checkbox-box\" aria-hidden=\"true\"><\/span><span class=\"forminator-checkbox-label\">Debout<\/span><\/label><label id=\"forminator-field-checkbox-1-2-69f2bd126574c-label\" for=\"forminator-field-checkbox-1-2-69f2bd126574c\" class=\"forminator-checkbox\" title=\"couch\u00e9\"><input type=\"checkbox\" name=\"checkbox-1[]\" value=\"two\" id=\"forminator-field-checkbox-1-2-69f2bd126574c\" aria-labelledby=\"forminator-field-checkbox-1-2-69f2bd126574c-label\" data-calculation=\"0\"  \/><span class=\"forminator-checkbox-box\" aria-hidden=\"true\"><\/span><span class=\"forminator-checkbox-label\">couch\u00e9<\/span><\/label><label id=\"forminator-field-checkbox-1-3-69f2bd126574c-label\" for=\"forminator-field-checkbox-1-3-69f2bd126574c\" class=\"forminator-checkbox\" title=\"tirage lourd\"><input type=\"checkbox\" name=\"checkbox-1[]\" value=\"tirage-lourd\" id=\"forminator-field-checkbox-1-3-69f2bd126574c\" aria-labelledby=\"forminator-field-checkbox-1-3-69f2bd126574c-label\" data-calculation=\"0\"  \/><span class=\"forminator-checkbox-box\" aria-hidden=\"true\"><\/span><span class=\"forminator-checkbox-label\">tirage lourd<\/span><\/label><label id=\"forminator-field-checkbox-1-4-69f2bd126574c-label\" for=\"forminator-field-checkbox-1-4-69f2bd126574c\" class=\"forminator-checkbox\" title=\"passage\"><input type=\"checkbox\" name=\"checkbox-1[]\" value=\"passage\" id=\"forminator-field-checkbox-1-4-69f2bd126574c\" aria-labelledby=\"forminator-field-checkbox-1-4-69f2bd126574c-label\" data-calculation=\"0\"  \/><span class=\"forminator-checkbox-box\" aria-hidden=\"true\"><\/span><span class=\"forminator-checkbox-label\">passage<\/span><\/label><label id=\"forminator-field-checkbox-1-5-69f2bd126574c-label\" for=\"forminator-field-checkbox-1-5-69f2bd126574c\" class=\"forminator-checkbox\" title=\"force\"><input type=\"checkbox\" name=\"checkbox-1[]\" value=\"force\" id=\"forminator-field-checkbox-1-5-69f2bd126574c\" aria-labelledby=\"forminator-field-checkbox-1-5-69f2bd126574c-label\" data-calculation=\"0\"  \/><span class=\"forminator-checkbox-box\" aria-hidden=\"true\"><\/span><span class=\"forminator-checkbox-label\">force<\/span><\/label><label id=\"forminator-field-checkbox-1-6-69f2bd126574c-label\" for=\"forminator-field-checkbox-1-6-69f2bd126574c\" class=\"forminator-checkbox\" title=\"chute\"><input type=\"checkbox\" name=\"checkbox-1[]\" value=\"chute\" id=\"forminator-field-checkbox-1-6-69f2bd126574c\" aria-labelledby=\"forminator-field-checkbox-1-6-69f2bd126574c-label\" data-calculation=\"0\"  \/><span class=\"forminator-checkbox-box\" aria-hidden=\"true\"><\/span><span class=\"forminator-checkbox-label\">chute<\/span><\/label><label id=\"forminator-field-checkbox-1-7-69f2bd126574c-label\" for=\"forminator-field-checkbox-1-7-69f2bd126574c\" class=\"forminator-checkbox\" title=\"vitesse\"><input type=\"checkbox\" name=\"checkbox-1[]\" value=\"vitesse\" id=\"forminator-field-checkbox-1-7-69f2bd126574c\" aria-labelledby=\"forminator-field-checkbox-1-7-69f2bd126574c-label\" data-calculation=\"0\"  \/><span class=\"forminator-checkbox-box\" aria-hidden=\"true\"><\/span><span class=\"forminator-checkbox-label\">vitesse<\/span><\/label><label id=\"forminator-field-checkbox-1-8-69f2bd126574c-label\" for=\"forminator-field-checkbox-1-8-69f2bd126574c\" class=\"forminator-checkbox\" title=\"puissance\"><input type=\"checkbox\" name=\"checkbox-1[]\" value=\"puissance\" id=\"forminator-field-checkbox-1-8-69f2bd126574c\" aria-labelledby=\"forminator-field-checkbox-1-8-69f2bd126574c-label\" data-calculation=\"0\"  \/><span class=\"forminator-checkbox-box\" aria-hidden=\"true\"><\/span><span class=\"forminator-checkbox-label\">puissance<\/span><\/label><label id=\"forminator-field-checkbox-1-9-69f2bd126574c-label\" for=\"forminator-field-checkbox-1-9-69f2bd126574c\" class=\"forminator-checkbox\" title=\"Squat\"><input type=\"checkbox\" name=\"checkbox-1[]\" value=\"Squat\" id=\"forminator-field-checkbox-1-9-69f2bd126574c\" aria-labelledby=\"forminator-field-checkbox-1-9-69f2bd126574c-label\" data-calculation=\"0\"  \/><span class=\"forminator-checkbox-box\" aria-hidden=\"true\"><\/span><span class=\"forminator-checkbox-label\">Squat<\/span><\/label><\/div><\/div><\/div><div class=\"forminator-row\"><div id=\"checkbox-2\" class=\"forminator-field-checkbox forminator-col forminator-col-12 \"><div role=\"group\" class=\"forminator-field\" aria-labelledby=\"forminator-checkbox-group-forminator-field-checkbox-2-69f2bd126574c-label\"><span id=\"forminator-checkbox-group-forminator-field-checkbox-2-69f2bd126574c-label\" class=\"forminator-label\">quels sont les familles d&#039;exercice d&#039;assistance ou sp\u00e9cifique<\/span><label id=\"forminator-field-checkbox-2-1-69f2bd126574c-label\" for=\"forminator-field-checkbox-2-1-69f2bd126574c\" class=\"forminator-checkbox\" title=\"epaule force\"><input type=\"checkbox\" name=\"checkbox-2[]\" value=\"one\" id=\"forminator-field-checkbox-2-1-69f2bd126574c\" aria-labelledby=\"forminator-field-checkbox-2-1-69f2bd126574c-label\" data-calculation=\"0\"  \/><span class=\"forminator-checkbox-box\" aria-hidden=\"true\"><\/span><span class=\"forminator-checkbox-label\">epaule force<\/span><\/label><label id=\"forminator-field-checkbox-2-2-69f2bd126574c-label\" for=\"forminator-field-checkbox-2-2-69f2bd126574c\" class=\"forminator-checkbox\" title=\"Tirage\"><input type=\"checkbox\" name=\"checkbox-2[]\" value=\"two\" id=\"forminator-field-checkbox-2-2-69f2bd126574c\" aria-labelledby=\"forminator-field-checkbox-2-2-69f2bd126574c-label\" data-calculation=\"0\"  \/><span class=\"forminator-checkbox-box\" aria-hidden=\"true\"><\/span><span class=\"forminator-checkbox-label\">Tirage<\/span><\/label><label id=\"forminator-field-checkbox-2-3-69f2bd126574c-label\" for=\"forminator-field-checkbox-2-3-69f2bd126574c\" class=\"forminator-checkbox\" title=\"Flexion \/ squat\"><input type=\"checkbox\" name=\"checkbox-2[]\" value=\"Flexion\" id=\"forminator-field-checkbox-2-3-69f2bd126574c\" aria-labelledby=\"forminator-field-checkbox-2-3-69f2bd126574c-label\" data-calculation=\"0\"  \/><span class=\"forminator-checkbox-box\" aria-hidden=\"true\"><\/span><span class=\"forminator-checkbox-label\">Flexion \/ squat<\/span><\/label><label id=\"forminator-field-checkbox-2-4-69f2bd126574c-label\" for=\"forminator-field-checkbox-2-4-69f2bd126574c\" class=\"forminator-checkbox\" title=\"Developp\u00e9\"><input type=\"checkbox\" name=\"checkbox-2[]\" value=\"developp\u00e9\" id=\"forminator-field-checkbox-2-4-69f2bd126574c\" aria-labelledby=\"forminator-field-checkbox-2-4-69f2bd126574c-label\" data-calculation=\"0\"  \/><span class=\"forminator-checkbox-box\" aria-hidden=\"true\"><\/span><span class=\"forminator-checkbox-label\">Developp\u00e9<\/span><\/label><label id=\"forminator-field-checkbox-2-5-69f2bd126574c-label\" for=\"forminator-field-checkbox-2-5-69f2bd126574c\" class=\"forminator-checkbox\" title=\"arrach\u00e9 puissance\"><input type=\"checkbox\" name=\"checkbox-2[]\" value=\"arrach\u00e9-puissance\" id=\"forminator-field-checkbox-2-5-69f2bd126574c\" aria-labelledby=\"forminator-field-checkbox-2-5-69f2bd126574c-label\" data-calculation=\"0\"  \/><span class=\"forminator-checkbox-box\" aria-hidden=\"true\"><\/span><span class=\"forminator-checkbox-label\">arrach\u00e9 puissance<\/span><\/label><\/div><\/div><\/div><div class=\"forminator-row\"><div id=\"checkbox-3\" class=\"forminator-field-checkbox forminator-col forminator-col-12 \"><div role=\"group\" class=\"forminator-field\" aria-labelledby=\"forminator-checkbox-group-forminator-field-checkbox-3-69f2bd126574c-label\"><span id=\"forminator-checkbox-group-forminator-field-checkbox-3-69f2bd126574c-label\" class=\"forminator-label\">arrach\u00e9 debout c&#039;est un semi technique avec les caract\u00e9ristiques suivants<\/span><label id=\"forminator-field-checkbox-3-1-69f2bd126574c-label\" for=\"forminator-field-checkbox-3-1-69f2bd126574c\" class=\"forminator-checkbox\" title=\"avec saut\"><input type=\"checkbox\" name=\"checkbox-3[]\" value=\"one\" id=\"forminator-field-checkbox-3-1-69f2bd126574c\" aria-labelledby=\"forminator-field-checkbox-3-1-69f2bd126574c-label\" data-calculation=\"0\"  \/><span class=\"forminator-checkbox-box\" aria-hidden=\"true\"><\/span><span class=\"forminator-checkbox-label\">avec saut<\/span><\/label><label id=\"forminator-field-checkbox-3-2-69f2bd126574c-label\" for=\"forminator-field-checkbox-3-2-69f2bd126574c\" class=\"forminator-checkbox\" title=\"sans saut\"><input type=\"checkbox\" name=\"checkbox-3[]\" value=\"two\" id=\"forminator-field-checkbox-3-2-69f2bd126574c\" aria-labelledby=\"forminator-field-checkbox-3-2-69f2bd126574c-label\" data-calculation=\"0\"  \/><span class=\"forminator-checkbox-box\" aria-hidden=\"true\"><\/span><span class=\"forminator-checkbox-label\">sans saut<\/span><\/label><label id=\"forminator-field-checkbox-3-3-69f2bd126574c-label\" for=\"forminator-field-checkbox-3-3-69f2bd126574c\" class=\"forminator-checkbox\" title=\"sans flexion\"><input type=\"checkbox\" name=\"checkbox-3[]\" value=\"sans-flexion\" id=\"forminator-field-checkbox-3-3-69f2bd126574c\" aria-labelledby=\"forminator-field-checkbox-3-3-69f2bd126574c-label\" data-calculation=\"0\"  \/><span class=\"forminator-checkbox-box\" aria-hidden=\"true\"><\/span><span class=\"forminator-checkbox-label\">sans flexion<\/span><\/label><label id=\"forminator-field-checkbox-3-4-69f2bd126574c-label\" for=\"forminator-field-checkbox-3-4-69f2bd126574c\" class=\"forminator-checkbox\" title=\"grande flexion\"><input type=\"checkbox\" name=\"checkbox-3[]\" value=\"grande-flexion\" id=\"forminator-field-checkbox-3-4-69f2bd126574c\" aria-labelledby=\"forminator-field-checkbox-3-4-69f2bd126574c-label\" data-calculation=\"0\"  \/><span class=\"forminator-checkbox-box\" aria-hidden=\"true\"><\/span><span class=\"forminator-checkbox-label\">grande flexion<\/span><\/label><label id=\"forminator-field-checkbox-3-5-69f2bd126574c-label\" for=\"forminator-field-checkbox-3-5-69f2bd126574c\" class=\"forminator-checkbox\" title=\"legere flexion\"><input type=\"checkbox\" name=\"checkbox-3[]\" value=\"legere-flexion\" id=\"forminator-field-checkbox-3-5-69f2bd126574c\" aria-labelledby=\"forminator-field-checkbox-3-5-69f2bd126574c-label\" data-calculation=\"0\"  \/><span class=\"forminator-checkbox-box\" aria-hidden=\"true\"><\/span><span class=\"forminator-checkbox-label\">legere flexion<\/span><\/label><label id=\"forminator-field-checkbox-3-6-69f2bd126574c-label\" for=\"forminator-field-checkbox-3-6-69f2bd126574c\" class=\"forminator-checkbox\" title=\"pieds ecart de reception\"><input type=\"checkbox\" name=\"checkbox-3[]\" value=\"pieds-ecart-de-reception\" id=\"forminator-field-checkbox-3-6-69f2bd126574c\" aria-labelledby=\"forminator-field-checkbox-3-6-69f2bd126574c-label\" data-calculation=\"0\"  \/><span class=\"forminator-checkbox-box\" aria-hidden=\"true\"><\/span><span class=\"forminator-checkbox-label\">pieds ecart de reception<\/span><\/label><\/div><\/div><\/div><div class=\"forminator-row\"><div id=\"textarea-1\" class=\"forminator-field-textarea forminator-col forminator-col-12 \"><div class=\"forminator-field\"><label for=\"forminator-field-textarea-1_69f2bd126574c\" id=\"forminator-field-textarea-1_69f2bd126574c-label\" class=\"forminator-label\">replacer dans l&#039;ordre les phases de l&#039;arrach\u00e9<\/label><textarea name=\"textarea-1\" placeholder=\"L&#039;extension La position de d\u00e9part L&#039;effacement puis r\u00e9-engagement des genoux Le passage sous la barre Le deuxi\u00e9me tirage Le premier tirage deuxi\u00e8me tirage Le passage sous la barre Le redressement\" id=\"forminator-field-textarea-1_69f2bd126574c\" class=\"forminator-textarea\" rows=\"6\" style=\"--forminator-textarea-min-height:140px;\" ><\/textarea><\/div><\/div><\/div><div class=\"forminator-row\"><div id=\"checkbox-4\" class=\"forminator-field-checkbox forminator-col forminator-col-12 \"><div role=\"group\" class=\"forminator-field\" aria-labelledby=\"forminator-checkbox-group-forminator-field-checkbox-4-69f2bd126574c-label\"><span id=\"forminator-checkbox-group-forminator-field-checkbox-4-69f2bd126574c-label\" class=\"forminator-label\">les semi technique de chute peuvent corriger<\/span><label id=\"forminator-field-checkbox-4-1-69f2bd126574c-label\" for=\"forminator-field-checkbox-4-1-69f2bd126574c\" class=\"forminator-checkbox\" title=\"le premier tirage\"><input type=\"checkbox\" name=\"checkbox-4[]\" value=\"one\" id=\"forminator-field-checkbox-4-1-69f2bd126574c\" aria-labelledby=\"forminator-field-checkbox-4-1-69f2bd126574c-label\" data-calculation=\"0\"  \/><span class=\"forminator-checkbox-box\" aria-hidden=\"true\"><\/span><span class=\"forminator-checkbox-label\">le premier tirage<\/span><\/label><label id=\"forminator-field-checkbox-4-2-69f2bd126574c-label\" for=\"forminator-field-checkbox-4-2-69f2bd126574c\" class=\"forminator-checkbox\" title=\"Permet de corriger les sauts en avant ou en arri\u00e8re lors d&#039;un mouvement technique\"><input type=\"checkbox\" name=\"checkbox-4[]\" value=\"two\" id=\"forminator-field-checkbox-4-2-69f2bd126574c\" aria-labelledby=\"forminator-field-checkbox-4-2-69f2bd126574c-label\" data-calculation=\"0\"  \/><span class=\"forminator-checkbox-box\" aria-hidden=\"true\"><\/span><span class=\"forminator-checkbox-label\">Permet de corriger les sauts en avant ou en arri\u00e8re lors d&rsquo;un mouvement technique<\/span><\/label><label id=\"forminator-field-checkbox-4-3-69f2bd126574c-label\" for=\"forminator-field-checkbox-4-3-69f2bd126574c\" class=\"forminator-checkbox\" title=\"L\u2019encha\u00eenement de la fin d&#039;extension et du d\u00e9but de la chute\"><input type=\"checkbox\" name=\"checkbox-4[]\" value=\"L\u2019encha\u00eenement-de-la-fin-d&#039;extension-et-du-d\u00e9but-de-la-chute\" id=\"forminator-field-checkbox-4-3-69f2bd126574c\" aria-labelledby=\"forminator-field-checkbox-4-3-69f2bd126574c-label\" data-calculation=\"0\"  \/><span class=\"forminator-checkbox-box\" aria-hidden=\"true\"><\/span><span class=\"forminator-checkbox-label\">L\u2019encha\u00eenement de la fin d&rsquo;extension et du d\u00e9but de la chute<\/span><\/label><label id=\"forminator-field-checkbox-4-4-69f2bd126574c-label\" for=\"forminator-field-checkbox-4-4-69f2bd126574c\" class=\"forminator-checkbox\" title=\"La trajectoire de la barre\"><input type=\"checkbox\" name=\"checkbox-4[]\" value=\"La-trajectoire-de-la-barre\" id=\"forminator-field-checkbox-4-4-69f2bd126574c\" aria-labelledby=\"forminator-field-checkbox-4-4-69f2bd126574c-label\" data-calculation=\"0\"  \/><span class=\"forminator-checkbox-box\" aria-hidden=\"true\"><\/span><span class=\"forminator-checkbox-label\">La trajectoire de la barre<\/span><\/label><label id=\"forminator-field-checkbox-4-5-69f2bd126574c-label\" for=\"forminator-field-checkbox-4-5-69f2bd126574c\" class=\"forminator-checkbox\" title=\"la transition\"><input type=\"checkbox\" name=\"checkbox-4[]\" value=\"la-transition\" id=\"forminator-field-checkbox-4-5-69f2bd126574c\" aria-labelledby=\"forminator-field-checkbox-4-5-69f2bd126574c-label\" data-calculation=\"0\"  \/><span class=\"forminator-checkbox-box\" aria-hidden=\"true\"><\/span><span class=\"forminator-checkbox-label\">la transition<\/span><\/label><label id=\"forminator-field-checkbox-4-6-69f2bd126574c-label\" for=\"forminator-field-checkbox-4-6-69f2bd126574c\" class=\"forminator-checkbox\" title=\"Le rythme d\u2019ex\u00e9cution\"><input type=\"checkbox\" name=\"checkbox-4[]\" value=\"Le-rythme-d\u2019ex\u00e9cution\" id=\"forminator-field-checkbox-4-6-69f2bd126574c\" aria-labelledby=\"forminator-field-checkbox-4-6-69f2bd126574c-label\" data-calculation=\"0\"  \/><span class=\"forminator-checkbox-box\" aria-hidden=\"true\"><\/span><span class=\"forminator-checkbox-label\">Le rythme d\u2019ex\u00e9cution<\/span><\/label><\/div><\/div><\/div><input type=\"hidden\" name=\"referer_url\" value=\"\" \/><div class=\"forminator-row forminator-row-last\"><div class=\"forminator-col\"><div class=\"forminator-field\"><button class=\"forminator-button forminator-button-submit\">Envoyer le message<\/button><\/div><\/div><\/div><input type=\"hidden\" id=\"forminator_nonce\" name=\"forminator_nonce\" value=\"b74ab0dfa6\" \/><input type=\"hidden\" name=\"_wp_http_referer\" value=\"\/index.php\/wp-json\/wp\/v2\/pages\/2395\" \/><input type=\"hidden\" name=\"form_id\" value=\"2038\"><input type=\"hidden\" name=\"page_id\" value=\"2395\"><input type=\"hidden\" name=\"form_type\" value=\"default\"><input type=\"hidden\" name=\"current_url\" value=\"https:\/\/www.prosportconcept.fr\/index.php\/qcm-semi-technique\/\"><input type=\"hidden\" name=\"render_id\" value=\"0\"><input type=\"hidden\" name=\"action\" value=\"forminator_submit_form_custom-forms\"><\/form><\/div>\n","protected":false},"excerpt":{"rendered":"","protected":false},"author":1,"featured_media":0,"parent":0,"menu_order":0,"comment_status":"closed","ping_status":"closed","template":"","meta":{"_bbp_topic_count":0,"_bbp_reply_count":0,"_bbp_total_topic_count":0,"_bbp_total_reply_count":0,"_bbp_voice_count":0,"_bbp_anonymous_reply_count":0,"_bbp_topic_count_hidden":0,"_bbp_reply_count_hidden":0,"_bbp_forum_subforum_count":0,"footnotes":""},"class_list":["post-2395","page","type-page","status-publish","hentry"],"_links":{"self":[{"href":"https:\/\/www.prosportconcept.fr\/index.php\/wp-json\/wp\/v2\/pages\/2395","targetHints":{"allow":["GET"]}}],"collection":[{"href":"https:\/\/www.prosportconcept.fr\/index.php\/wp-json\/wp\/v2\/pages"}],"about":[{"href":"https:\/\/www.prosportconcept.fr\/index.php\/wp-json\/wp\/v2\/types\/page"}],"author":[{"embeddable":true,"href":"https:\/\/www.prosportconcept.fr\/index.php\/wp-json\/wp\/v2\/users\/1"}],"replies":[{"embeddable":true,"href":"https:\/\/www.prosportconcept.fr\/index.php\/wp-json\/wp\/v2\/comments?post=2395"}],"version-history":[{"count":2,"href":"https:\/\/www.prosportconcept.fr\/index.php\/wp-json\/wp\/v2\/pages\/2395\/revisions"}],"predecessor-version":[{"id":5811,"href":"https:\/\/www.prosportconcept.fr\/index.php\/wp-json\/wp\/v2\/pages\/2395\/revisions\/5811"}],"wp:attachment":[{"href":"https:\/\/www.prosportconcept.fr\/index.php\/wp-json\/wp\/v2\/media?parent=2395"}],"curies":[{"name":"wp","href":"https:\/\/api.w.org\/{rel}","templated":true}]}}