{"id":4766,"date":"2025-04-07T13:33:09","date_gmt":"2025-04-07T11:33:09","guid":{"rendered":"https:\/\/www.prosportconcept.fr\/?page_id=4766"},"modified":"2025-04-07T13:50:00","modified_gmt":"2025-04-07T11:50:00","slug":"colibri-4766","status":"publish","type":"page","link":"https:\/\/www.prosportconcept.fr\/index.php\/colibri-4766\/","title":{"rendered":"Colibri #4766"},"content":{"rendered":"<div data-colibri-id=\"4766-c1\" class=\"style-382 style-local-4766-c1 position-relative\">\n  <!---->\n  <div data-colibri-component=\"section\" data-colibri-id=\"4766-c2\" id=\"overlappable\" class=\"h-section h-section-global-spacing d-flex align-items-lg-center align-items-md-center align-items-center style-383 style-local-4766-c2 position-relative\">\n    <!---->\n    <!---->\n    <div class=\"h-section-grid-container h-section-boxed-container\">\n      <!---->\n      <div data-colibri-id=\"4766-c3\" class=\"h-row-container gutters-row-lg-0 gutters-row-md-0 gutters-row-2 gutters-row-v-lg-0 gutters-row-v-md-0 gutters-row-v-2 style-384 style-local-4766-c3 position-relative\">\n        <!---->\n        <div class=\"h-row justify-content-lg-center justify-content-md-center justify-content-center align-items-lg-stretch align-items-md-stretch align-items-stretch gutters-col-lg-0 gutters-col-md-0 gutters-col-2 gutters-col-v-lg-0 gutters-col-v-md-0 gutters-col-v-2\">\n          <!---->\n          <div class=\"h-column h-column-container d-flex h-col-lg-4 h-col-md-4 h-col-12 style-385-outer style-local-4766-c4-outer\">\n            <div data-colibri-id=\"4766-c4\" class=\"d-flex h-flex-basis h-column__inner h-px-lg-3 h-px-md-3 h-px-2 v-inner-lg-3 v-inner-md-3 v-inner-2 style-385 style-local-4766-c4 position-relative\">\n              <!---->\n              <!---->\n              <div class=\"w-100 h-y-container h-column__content h-column__v-align flex-basis-100 align-self-lg-start align-self-md-start align-self-start\">\n                <!---->\n                <div data-colibri-id=\"4766-c5\" class=\"h-icon style-386 style-local-4766-c5 position-relative h-element\">\n                  <!----><span class=\"h-svg-icon h-icon__icon style-386-icon style-local-4766-c5-icon\"><!--Icon by Font Awesome (https:\/\/fontawesome.com)-->\n    <svg version=\"1.1\" xmlns=\"http:\/\/www.w3.org\/2000\/svg\" xmlns:xlink=\"http:\/\/www.w3.org\/1999\/xlink\" id=\"smile-o\" viewBox=\"0 0 1536 1896.0833\">\n      <path d=\"M1134 1075q-37 121-138 195t-228 74-228-74-138-195q-8-25 4-48.5t38-31.5q25-8 48.5 4t31.5 38q25 80 92.5 129.5T768 1216t151.5-49.5T1012 1037q8-26 32-38t49-4 37 31.5 4 48.5zM640 640q0 53-37.5 90.5T512 768t-90.5-37.5T384 640t37.5-90.5T512 512t90.5 37.5T640 640zm512 0q0 53-37.5 90.5T1024 768t-90.5-37.5T896 640t37.5-90.5T1024 512t90.5 37.5T1152 640zm256 256q0-130-51-248.5t-136.5-204-204-136.5T768 256t-248.5 51-204 136.5-136.5 204T128 896t51 248.5 136.5 204 204 136.5 248.5 51 248.5-51 204-136.5 136.5-204 51-248.5zm128 0q0 209-103 385.5T1153.5 1561 768 1664t-385.5-103T103 1281.5 0 896t103-385.5T382.5 231 768 128t385.5 103T1433 510.5 1536 896z\"><\/path>\n    <\/svg><\/span><\/div>\n                <div data-colibri-id=\"4766-c6\" class=\"h-global-transition-all h-heading style-387 style-local-4766-c6 position-relative h-element\">\n                  <!---->\n                  <div class=\"h-heading__outer style-387 style-local-4766-c6\">\n                    <!---->\n                    <!---->\n                    <h5 class=\"\">WELNESS&nbsp; <\/h5>\n                  <\/div>\n                <\/div>\n                <div data-colibri-id=\"4766-c7\" class=\"h-text h-text-component style-388 style-local-4766-c7 position-relative h-element\">\n                  <!---->\n                  <!---->\n                  <div class=\"\">\n                    <p>A remplir le matin ou avant la s\u00e9ance\n                      <br>\n                    <\/p>\n                  <\/div>\n                <\/div>\n                <div data-colibri-id=\"4766-c8\" class=\"h-x-container style-389 style-local-4766-c8 position-relative h-element\">\n                  <!---->\n                  <div class=\"h-x-container-inner style-dynamic-4766-c8-group style-389-spacing style-local-4766-c8-spacing\"><span class=\"h-link__outer style-390-outer style-local-4766-c9-outer d-inline-flex h-element\"><a h-use-smooth-scroll=\"true\" href=\"https:\/\/docs.google.com\/forms\/d\/e\/1FAIpQLSe8NlVsEe_wbZH2YUC55ymez1m1FJRhY8agIjgWbVshua34nw\/viewform?usp=header\"  data-colibri-id=\"4766-c9\" class=\"d-flex w-100 align-items-center h-link style-390 style-local-4766-c9 position-relative\"><!----><!----> <span>Lien<\/span>                    <span class=\"h-svg-icon h-link__icon style-390-icon style-local-4766-c9-icon\"><!--Icon by Icons8 Line Awesome (https:\/\/icons8.com\/line-awesome)--><svg version=\"1.1\" xmlns=\"http:\/\/www.w3.org\/2000\/svg\" xmlns:xlink=\"http:\/\/www.w3.org\/1999\/xlink\" id=\"angle-double-right\" viewBox=\"0 0 512 545.5\"><path d=\"M145.5 108.5l168 168L325 288l-11.5 11.5-168 168-22.5-23L279.5 288 123 131.5zm112 0l168 168L437 288l-11.5 11.5-168 168-22.5-23L391.5 288 235 131.5z\"><\/path><\/svg><\/span><\/a>\n                    <\/span>\n                  <\/div>\n                <\/div>\n              <\/div>\n            <\/div>\n          <\/div>\n          <div class=\"h-column h-column-container d-flex h-col-lg-4 h-col-md-4 h-col-12 style-385-outer style-local-4766-c10-outer\">\n            <div data-colibri-id=\"4766-c10\" class=\"d-flex h-flex-basis h-column__inner h-px-lg-3 h-px-md-3 h-px-2 v-inner-lg-3 v-inner-md-3 v-inner-2 style-385 style-local-4766-c10 position-relative\">\n              <!---->\n              <!---->\n              <div class=\"w-100 h-y-container h-column__content h-column__v-align flex-basis-100 align-self-lg-start align-self-md-start align-self-start\">\n                <!---->\n                <div data-colibri-id=\"4766-c11\" class=\"h-icon style-386 style-local-4766-c11 position-relative h-element\">\n                  <!----><span class=\"h-svg-icon h-icon__icon style-386-icon style-local-4766-c11-icon\"><!--Icon by Font Awesome (https:\/\/fontawesome.com)-->\n    <svg version=\"1.1\" xmlns=\"http:\/\/www.w3.org\/2000\/svg\" xmlns:xlink=\"http:\/\/www.w3.org\/1999\/xlink\" id=\"frown-o\" viewBox=\"0 0 1536 1896.0833\">\n      <path d=\"M1134 1229q8 25-4 48.5t-37 31.5-49-4-32-38q-25-80-92.5-129.5T768 1088t-151.5 49.5T524 1267q-8 26-31.5 38t-48.5 4q-26-8-38-31.5t-4-48.5q37-121 138-195t228-74 228 74 138 195zM640 640q0 53-37.5 90.5T512 768t-90.5-37.5T384 640t37.5-90.5T512 512t90.5 37.5T640 640zm512 0q0 53-37.5 90.5T1024 768t-90.5-37.5T896 640t37.5-90.5T1024 512t90.5 37.5T1152 640zm256 256q0-130-51-248.5t-136.5-204-204-136.5T768 256t-248.5 51-204 136.5-136.5 204T128 896t51 248.5 136.5 204 204 136.5 248.5 51 248.5-51 204-136.5 136.5-204 51-248.5zm128 0q0 209-103 385.5T1153.5 1561 768 1664t-385.5-103T103 1281.5 0 896t103-385.5T382.5 231 768 128t385.5 103T1433 510.5 1536 896z\"><\/path>\n    <\/svg><\/span><\/div>\n                <div data-colibri-id=\"4766-c12\" class=\"h-global-transition-all h-heading style-387 style-local-4766-c12 position-relative h-element\">\n                  <!---->\n                  <div class=\"h-heading__outer style-387 style-local-4766-c12\">\n                    <!---->\n                    <!---->\n                    <h5 class=\"\">RPE<\/h5>\n                  <\/div>\n                <\/div>\n                <div data-colibri-id=\"4766-c13\" class=\"h-text h-text-component style-388 style-local-4766-c13 position-relative h-element\">\n                  <!---->\n                  <!---->\n                  <div class=\"\">\n                    <p>A remplir \u00e0 la fin de la sance<\/p>\n                  <\/div>\n                <\/div>\n                <div data-colibri-id=\"4766-c14\" class=\"h-x-container style-389 style-local-4766-c14 position-relative h-element\">\n                  <!---->\n                  <div class=\"h-x-container-inner style-dynamic-4766-c14-group style-389-spacing style-local-4766-c14-spacing\"><span class=\"h-link__outer style-390-outer style-local-4766-c15-outer d-inline-flex h-element\"><a h-use-smooth-scroll=\"true\" href=\"https:\/\/docs.google.com\/forms\/d\/e\/1FAIpQLScX-1seycvpZB8iDpoz_8QY3wPVfkupRfF1f04EVBKUfiNX1Q\/viewform?usp=header\"  data-colibri-id=\"4766-c15\" class=\"d-flex w-100 align-items-center h-link style-390 style-local-4766-c15 position-relative\"><!----><!----> <span>Lien <\/span>                    <span class=\"h-svg-icon h-link__icon style-390-icon style-local-4766-c15-icon\"><!--Icon by Icons8 Line Awesome (https:\/\/icons8.com\/line-awesome)--><svg version=\"1.1\" xmlns=\"http:\/\/www.w3.org\/2000\/svg\" xmlns:xlink=\"http:\/\/www.w3.org\/1999\/xlink\" id=\"angle-double-right\" viewBox=\"0 0 512 545.5\"><path d=\"M145.5 108.5l168 168L325 288l-11.5 11.5-168 168-22.5-23L279.5 288 123 131.5zm112 0l168 168L437 288l-11.5 11.5-168 168-22.5-23L391.5 288 235 131.5z\"><\/path><\/svg><\/span><\/a>\n                    <\/span>\n                  <\/div>\n                <\/div>\n              <\/div>\n            <\/div>\n          <\/div>\n          <div class=\"h-column h-column-container d-flex h-col-lg-4 h-col-md-4 h-col-12 style-385-outer style-local-4766-c16-outer\">\n            <div data-colibri-id=\"4766-c16\" class=\"d-flex h-flex-basis h-column__inner h-px-lg-3 h-px-md-3 h-px-2 v-inner-lg-3 v-inner-md-3 v-inner-2 style-385 style-local-4766-c16 position-relative\">\n              <!---->\n              <!---->\n              <div class=\"w-100 h-y-container h-column__content h-column__v-align flex-basis-100 align-self-lg-start align-self-md-start align-self-start\">\n                <!---->\n                <div data-colibri-id=\"4766-c17\" class=\"h-icon style-386 style-local-4766-c17 position-relative h-element\">\n                  <!----><span class=\"h-svg-icon h-icon__icon style-386-icon style-local-4766-c17-icon\"><!--Icon by Font Awesome (https:\/\/fontawesome.com)-->\n    <svg version=\"1.1\" xmlns=\"http:\/\/www.w3.org\/2000\/svg\" xmlns:xlink=\"http:\/\/www.w3.org\/1999\/xlink\" id=\"folder-open-o\" viewBox=\"0 0 1920 1896.0833\">\n      <path d=\"M1781 931q0-35-53-35H640q-40 0-85.5 21.5T483 970l-294 363q-18 24-18 40 0 35 53 35h1088q40 0 86-22t71-53l294-363q18-22 18-39zM640 768h768V608q0-40-28-68t-68-28H736q-40 0-68-28t-28-68v-64q0-40-28-68t-68-28H224q-40 0-68 28t-28 68v853l256-315q44-53 116-87.5T640 768zm1269 163q0 62-46 120l-295 363q-43 53-116 87.5t-140 34.5H224q-92 0-158-66T0 1312V352q0-92 66-158t158-66h320q92 0 158 66t66 158v32h544q92 0 158 66t66 158v160h192q54 0 99 24.5t67 70.5q15 32 15 68z\"><\/path>\n    <\/svg><\/span><\/div>\n                <div data-colibri-id=\"4766-c18\" class=\"h-global-transition-all h-heading style-387 style-local-4766-c18 position-relative h-element\">\n                  <!---->\n                  <div class=\"h-heading__outer style-387 style-local-4766-c18\">\n                    <!---->\n                    <!---->\n                    <h5 class=\"\">VOS SEANCES<\/h5>\n                  <\/div>\n                <\/div>\n                <div data-colibri-id=\"4766-c19\" class=\"h-text h-text-component style-388 style-local-4766-c19 position-relative h-element\">\n                  <!---->\n                  <!---->\n                  <div class=\"\">\n                    <p>Lien vers vos s\u00e9ances\n                      <br>\n                    <\/p>\n                  <\/div>\n                <\/div>\n                <div data-colibri-id=\"4766-c20\" class=\"h-x-container style-389 style-local-4766-c20 position-relative h-element\">\n                  <!---->\n                  <div class=\"h-x-container-inner style-dynamic-4766-c20-group style-389-spacing style-local-4766-c20-spacing\"><span class=\"h-link__outer style-390-outer style-local-4766-c21-outer d-inline-flex h-element\"><a h-use-smooth-scroll=\"true\" href=\"\"  data-colibri-id=\"4766-c21\" class=\"d-flex w-100 align-items-center h-link style-390 style-local-4766-c21 position-relative\"><!----><!----> <span><\/span>                    <span class=\"h-svg-icon h-link__icon style-390-icon style-local-4766-c21-icon\"><!--Icon by Icons8 Line Awesome (https:\/\/icons8.com\/line-awesome)--><svg version=\"1.1\" xmlns=\"http:\/\/www.w3.org\/2000\/svg\" xmlns:xlink=\"http:\/\/www.w3.org\/1999\/xlink\" id=\"angle-double-right\" viewBox=\"0 0 512 545.5\"><path d=\"M145.5 108.5l168 168L325 288l-11.5 11.5-168 168-22.5-23L279.5 288 123 131.5zm112 0l168 168L437 288l-11.5 11.5-168 168-22.5-23L391.5 288 235 131.5z\"><\/path><\/svg><\/span><\/a>\n                    <\/span>\n                  <\/div>\n                <\/div>\n              <\/div>\n            <\/div>\n          <\/div>\n        <\/div>\n      <\/div>\n    <\/div>\n  <\/div>\n<\/div>","protected":false},"excerpt":{"rendered":"<p>WELNESS&nbsp; A remplir le matin ou avant la s\u00e9ance Lien RPE A remplir \u00e0 la fin de la sance Lien VOS SEANCES Lien vers vos s\u00e9ances<\/p>\n","protected":false},"author":1,"featured_media":0,"parent":0,"menu_order":0,"comment_status":"closed","ping_status":"closed","template":"page-templates\/full-width-page.php","meta":{"_bbp_topic_count":0,"_bbp_reply_count":0,"_bbp_total_topic_count":0,"_bbp_total_reply_count":0,"_bbp_voice_count":0,"_bbp_anonymous_reply_count":0,"_bbp_topic_count_hidden":0,"_bbp_reply_count_hidden":0,"_bbp_forum_subforum_count":0,"footnotes":""},"class_list":["post-4766","page","type-page","status-publish","hentry"],"_links":{"self":[{"href":"https:\/\/www.prosportconcept.fr\/index.php\/wp-json\/wp\/v2\/pages\/4766","targetHints":{"allow":["GET"]}}],"collection":[{"href":"https:\/\/www.prosportconcept.fr\/index.php\/wp-json\/wp\/v2\/pages"}],"about":[{"href":"https:\/\/www.prosportconcept.fr\/index.php\/wp-json\/wp\/v2\/types\/page"}],"author":[{"embeddable":true,"href":"https:\/\/www.prosportconcept.fr\/index.php\/wp-json\/wp\/v2\/users\/1"}],"replies":[{"embeddable":true,"href":"https:\/\/www.prosportconcept.fr\/index.php\/wp-json\/wp\/v2\/comments?post=4766"}],"version-history":[{"count":9,"href":"https:\/\/www.prosportconcept.fr\/index.php\/wp-json\/wp\/v2\/pages\/4766\/revisions"}],"predecessor-version":[{"id":4819,"href":"https:\/\/www.prosportconcept.fr\/index.php\/wp-json\/wp\/v2\/pages\/4766\/revisions\/4819"}],"wp:attachment":[{"href":"https:\/\/www.prosportconcept.fr\/index.php\/wp-json\/wp\/v2\/media?parent=4766"}],"curies":[{"name":"wp","href":"https:\/\/api.w.org\/{rel}","templated":true}]}}