{"id":599,"date":"2021-04-07T09:42:06","date_gmt":"2021-04-07T07:42:06","guid":{"rendered":"http:\/\/www.prosportconcept.fr\/?page_id=599"},"modified":"2026-03-24T14:38:26","modified_gmt":"2026-03-24T13:38:26","slug":"infos","status":"publish","type":"page","link":"https:\/\/www.prosportconcept.fr\/index.php\/infos\/","title":{"rendered":"INFOS"},"content":{"rendered":"\n<div class=\"wp-block-file\"><a id=\"wp-block-file--media-15e83609-d208-4820-95db-2cb34536809d\" href=\"https:\/\/www.prosportconcept.fr\/wp-content\/uploads\/2024\/11\/CERTIFICAT-QUALIOPI_2024-a-2027.pdf\">CERTIFICAT QUALIOPI_2024 a\u0300 2027<\/a><a href=\"https:\/\/www.prosportconcept.fr\/wp-content\/uploads\/2024\/11\/CERTIFICAT-QUALIOPI_2024-a-2027.pdf\" class=\"wp-block-file__button wp-element-button\" download aria-describedby=\"wp-block-file--media-15e83609-d208-4820-95db-2cb34536809d\">T\u00e9l\u00e9charger<\/a><\/div>\n\n\n\n<h4 class=\"wp-block-heading\">Taux de r\u00e9ussite, satisfaction et insertion professionnelle<\/h4>\n\n\n\n<div class=\"wp-block-file\"><a id=\"wp-block-file--media-68b27019-2508-4658-955c-a834acfb743c\" href=\"https:\/\/www.prosportconcept.fr\/wp-content\/uploads\/2026\/03\/Resultats-diplome-et-Bilan-insertion-1.pdf\">Statistiques 2025<\/a><a href=\"https:\/\/www.prosportconcept.fr\/wp-content\/uploads\/2026\/03\/Resultats-diplome-et-Bilan-insertion-1.pdf\" class=\"wp-block-file__button wp-element-button\" download aria-describedby=\"wp-block-file--media-68b27019-2508-4658-955c-a834acfb743c\">T\u00e9l\u00e9charger<\/a><\/div>\n\n\n\n<div class=\"wp-block-file\"><a id=\"wp-block-file--media-aaedf238-a568-4949-80e3-ddb6d5560d09\" href=\"https:\/\/www.prosportconcept.fr\/wp-content\/uploads\/2025\/04\/Statistiques-2024.pdf\">Statistiques 2024<\/a><a href=\"https:\/\/www.prosportconcept.fr\/wp-content\/uploads\/2025\/04\/Statistiques-2024.pdf\" class=\"wp-block-file__button wp-element-button\" download aria-describedby=\"wp-block-file--media-aaedf238-a568-4949-80e3-ddb6d5560d09\">T\u00e9l\u00e9charger<\/a><\/div>\n\n\n\n<div class=\"wp-block-file\"><a id=\"wp-block-file--media-23daa7ac-dd31-4a67-aa56-2f374ad90c5d\" href=\"https:\/\/www.prosportconcept.fr\/wp-content\/uploads\/2025\/04\/Statistiques-2023.pdf\">Statistiques 2023<\/a><a href=\"https:\/\/www.prosportconcept.fr\/wp-content\/uploads\/2025\/04\/Statistiques-2023.pdf\" class=\"wp-block-file__button wp-element-button\" download aria-describedby=\"wp-block-file--media-23daa7ac-dd31-4a67-aa56-2f374ad90c5d\">T\u00e9l\u00e9charger<\/a><\/div>\n\n\n\n<div class=\"wp-block-file\"><a id=\"wp-block-file--media-ca00fa8e-43ca-4960-9acc-12872b50cbb6\" href=\"https:\/\/www.prosportconcept.fr\/wp-content\/uploads\/2025\/04\/Statistiques-2022.pdf\">Statistiques 2022<\/a><a href=\"https:\/\/www.prosportconcept.fr\/wp-content\/uploads\/2025\/04\/Statistiques-2022.pdf\" class=\"wp-block-file__button wp-element-button\" download aria-describedby=\"wp-block-file--media-ca00fa8e-43ca-4960-9acc-12872b50cbb6\">T\u00e9l\u00e9charger<\/a><\/div>\n\n\n\n<div class=\"wp-block-file\"><a id=\"wp-block-file--media-8a2a9ca6-c23a-4378-94d4-b07876a1251d\" href=\"http:\/\/www.prosportconcept.fr\/wp-content\/uploads\/2023\/03\/Graphiques-anne\u0301es-pre\u0301ce\u0301dentes-depuis-2017.pdf\">Statistiques 2017 \u00e0 2021<\/a><a href=\"http:\/\/www.prosportconcept.fr\/wp-content\/uploads\/2023\/03\/Graphiques-anne\u0301es-pre\u0301ce\u0301dentes-depuis-2017.pdf\" class=\"wp-block-file__button wp-element-button\" download aria-describedby=\"wp-block-file--media-8a2a9ca6-c23a-4378-94d4-b07876a1251d\">T\u00e9l\u00e9charger<\/a><\/div>\n\n\n\n<h4 class=\"wp-block-heading\"><\/h4>\n\n\n\n<div class=\"wp-block-file\"><a id=\"wp-block-file--media-c2f421ee-1392-489f-ac6e-96ecb52c5e03\" href=\"https:\/\/www.prosportconcept.fr\/wp-content\/uploads\/2025\/04\/Suite-de-parcours.pdf\">Les suites de parcours<\/a><a href=\"https:\/\/www.prosportconcept.fr\/wp-content\/uploads\/2025\/04\/Suite-de-parcours.pdf\" class=\"wp-block-file__button wp-element-button\" download aria-describedby=\"wp-block-file--media-c2f421ee-1392-489f-ac6e-96ecb52c5e03\">T\u00e9l\u00e9charger<\/a><\/div>\n\n\n\n<p>Le plus de notre centre de formation : Accompagnement personnalis\u00e9 en fin de formation (cr\u00e9ation d&rsquo;entreprise ou auto-entreprise, d\u00e9veloppement de comp\u00e9tence avec accompagnement sur d&rsquo;autre formation, etc). <\/p>\n\n\n\n<p><\/p>\n","protected":false},"excerpt":{"rendered":"<p>Taux de r\u00e9ussite, satisfaction et insertion professionnelle Le plus de notre centre de formation : Accompagnement personnalis\u00e9 en fin de formation (cr\u00e9ation d&rsquo;entreprise ou auto-entreprise, d\u00e9veloppement de comp\u00e9tence avec accompagnement sur d&rsquo;autre formation, etc).<\/p>\n","protected":false},"author":1,"featured_media":0,"parent":0,"menu_order":0,"comment_status":"closed","ping_status":"closed","template":"","meta":{"_bbp_topic_count":0,"_bbp_reply_count":0,"_bbp_total_topic_count":0,"_bbp_total_reply_count":0,"_bbp_voice_count":0,"_bbp_anonymous_reply_count":0,"_bbp_topic_count_hidden":0,"_bbp_reply_count_hidden":0,"_bbp_forum_subforum_count":0,"footnotes":""},"class_list":["post-599","page","type-page","status-publish","hentry"],"_links":{"self":[{"href":"https:\/\/www.prosportconcept.fr\/index.php\/wp-json\/wp\/v2\/pages\/599","targetHints":{"allow":["GET"]}}],"collection":[{"href":"https:\/\/www.prosportconcept.fr\/index.php\/wp-json\/wp\/v2\/pages"}],"about":[{"href":"https:\/\/www.prosportconcept.fr\/index.php\/wp-json\/wp\/v2\/types\/page"}],"author":[{"embeddable":true,"href":"https:\/\/www.prosportconcept.fr\/index.php\/wp-json\/wp\/v2\/users\/1"}],"replies":[{"embeddable":true,"href":"https:\/\/www.prosportconcept.fr\/index.php\/wp-json\/wp\/v2\/comments?post=599"}],"version-history":[{"count":20,"href":"https:\/\/www.prosportconcept.fr\/index.php\/wp-json\/wp\/v2\/pages\/599\/revisions"}],"predecessor-version":[{"id":6013,"href":"https:\/\/www.prosportconcept.fr\/index.php\/wp-json\/wp\/v2\/pages\/599\/revisions\/6013"}],"wp:attachment":[{"href":"https:\/\/www.prosportconcept.fr\/index.php\/wp-json\/wp\/v2\/media?parent=599"}],"curies":[{"name":"wp","href":"https:\/\/api.w.org\/{rel}","templated":true}]}}