{"id":626,"date":"2021-04-07T09:52:54","date_gmt":"2021-04-07T07:52:54","guid":{"rendered":"http:\/\/www.prosportconcept.fr\/?page_id=626"},"modified":"2021-04-15T10:43:45","modified_gmt":"2021-04-15T08:43:45","slug":"nos-locaux","status":"publish","type":"page","link":"https:\/\/www.prosportconcept.fr\/index.php\/nos-locaux\/","title":{"rendered":"Nos locaux"},"content":{"rendered":"\n<p>NOUS SITUER&nbsp;<\/p>\n\n\n\n<p>situ\u00e9 au c\u0153ur d\u2019une zone artisanale, ProSportConcept dispose d\u2019un parking et de locaux ad\u00e9quats pour recevoir tout public au 9, avenue Terreblanque \u2013 40230 Saint Vincent de Tyrosse.<\/p>\n\n\n\n<figure class=\"wp-block-image size-large\"><img loading=\"lazy\" decoding=\"async\" width=\"777\" height=\"351\" src=\"http:\/\/www.prosportconcept.fr\/wp-content\/uploads\/2021\/04\/Capture-de\u0301cran-2021-04-15-a\u0300-10.29.50.png\" alt=\"\" class=\"wp-image-783\" srcset=\"https:\/\/www.prosportconcept.fr\/wp-content\/uploads\/2021\/04\/Capture-de\u0301cran-2021-04-15-a\u0300-10.29.50.png 777w, https:\/\/www.prosportconcept.fr\/wp-content\/uploads\/2021\/04\/Capture-de\u0301cran-2021-04-15-a\u0300-10.29.50-300x136.png 300w, https:\/\/www.prosportconcept.fr\/wp-content\/uploads\/2021\/04\/Capture-de\u0301cran-2021-04-15-a\u0300-10.29.50-768x347.png 768w\" sizes=\"auto, (max-width: 777px) 100vw, 777px\" \/><\/figure>\n\n\n\n<p>Accessible par\u00a0<\/p>\n\n\n\n<p><strong>Gare TGV<\/strong><br>Dax<br>St Vincent de Tyrosse<br>Bayonne<\/p>\n\n\n\n<p><strong>Sortie autoroute<\/strong><br>A63 Peyrehorade<br>A64 Benesse-Maremne<\/p>\n\n\n\n<p><strong>NOS LOCAUX<\/strong><\/p>\n\n\n\n<p>B\u00e2timent de 294 m2 avec \u00e9tage dont, une salle de classe de 48 m2 capacit\u00e9 de 30 personnes, alle de 21 m2 pour la visio-conf\u00e9rence, capacit\u00e9 de 16 personnes, salle de pratique technique de 143 m2, salle de bureau 16 m2, espace d\u00e9tente, hall d\u2019accueil 24\u00a0m2, WC et couloir 31 m2 (espace non compt\u00e9 priv\u00e9\u00a0: 11 m2)<\/p>\n\n\n\n<figure class=\"wp-block-image size-large\"><img loading=\"lazy\" decoding=\"async\" width=\"909\" height=\"473\" src=\"http:\/\/www.prosportconcept.fr\/wp-content\/uploads\/2021\/04\/Capture-de\u0301cran-2021-04-15-a\u0300-10.31.19.png\" alt=\"\" class=\"wp-image-784\" srcset=\"https:\/\/www.prosportconcept.fr\/wp-content\/uploads\/2021\/04\/Capture-de\u0301cran-2021-04-15-a\u0300-10.31.19.png 909w, https:\/\/www.prosportconcept.fr\/wp-content\/uploads\/2021\/04\/Capture-de\u0301cran-2021-04-15-a\u0300-10.31.19-300x156.png 300w, https:\/\/www.prosportconcept.fr\/wp-content\/uploads\/2021\/04\/Capture-de\u0301cran-2021-04-15-a\u0300-10.31.19-768x400.png 768w\" sizes=\"auto, (max-width: 909px) 100vw, 909px\" \/><\/figure>\n\n\n\n<figure class=\"wp-block-image size-large is-resized\"><img loading=\"lazy\" decoding=\"async\" src=\"http:\/\/www.prosportconcept.fr\/wp-content\/uploads\/2021\/04\/Capture-de\u0301cran-2021-04-15-a\u0300-10.31.31.png\" alt=\"\" class=\"wp-image-785\" width=\"580\" height=\"288\" srcset=\"https:\/\/www.prosportconcept.fr\/wp-content\/uploads\/2021\/04\/Capture-de\u0301cran-2021-04-15-a\u0300-10.31.31.png 869w, https:\/\/www.prosportconcept.fr\/wp-content\/uploads\/2021\/04\/Capture-de\u0301cran-2021-04-15-a\u0300-10.31.31-300x149.png 300w, https:\/\/www.prosportconcept.fr\/wp-content\/uploads\/2021\/04\/Capture-de\u0301cran-2021-04-15-a\u0300-10.31.31-768x382.png 768w\" sizes=\"auto, (max-width: 580px) 100vw, 580px\" \/><\/figure>\n\n\n\n<figure class=\"wp-block-image size-large\"><img loading=\"lazy\" decoding=\"async\" width=\"862\" height=\"780\" src=\"http:\/\/www.prosportconcept.fr\/wp-content\/uploads\/2021\/04\/Capture-de\u0301cran-2021-04-15-a\u0300-10.31.50.png\" alt=\"\" class=\"wp-image-786\" srcset=\"https:\/\/www.prosportconcept.fr\/wp-content\/uploads\/2021\/04\/Capture-de\u0301cran-2021-04-15-a\u0300-10.31.50.png 862w, https:\/\/www.prosportconcept.fr\/wp-content\/uploads\/2021\/04\/Capture-de\u0301cran-2021-04-15-a\u0300-10.31.50-300x271.png 300w, https:\/\/www.prosportconcept.fr\/wp-content\/uploads\/2021\/04\/Capture-de\u0301cran-2021-04-15-a\u0300-10.31.50-768x695.png 768w\" sizes=\"auto, (max-width: 862px) 100vw, 862px\" \/><\/figure>\n\n\n\n<figure class=\"wp-block-image size-large\"><img loading=\"lazy\" decoding=\"async\" width=\"850\" height=\"391\" src=\"http:\/\/www.prosportconcept.fr\/wp-content\/uploads\/2021\/04\/Capture-de\u0301cran-2021-04-15-a\u0300-10.32.24.png\" alt=\"\" class=\"wp-image-787\" srcset=\"https:\/\/www.prosportconcept.fr\/wp-content\/uploads\/2021\/04\/Capture-de\u0301cran-2021-04-15-a\u0300-10.32.24.png 850w, https:\/\/www.prosportconcept.fr\/wp-content\/uploads\/2021\/04\/Capture-de\u0301cran-2021-04-15-a\u0300-10.32.24-300x138.png 300w, https:\/\/www.prosportconcept.fr\/wp-content\/uploads\/2021\/04\/Capture-de\u0301cran-2021-04-15-a\u0300-10.32.24-768x353.png 768w\" sizes=\"auto, (max-width: 850px) 100vw, 850px\" \/><\/figure>\n\n\n\n<figure class=\"wp-block-image size-large\"><img loading=\"lazy\" decoding=\"async\" width=\"937\" height=\"443\" src=\"http:\/\/www.prosportconcept.fr\/wp-content\/uploads\/2021\/04\/Capture-de\u0301cran-2021-04-15-a\u0300-10.33.41.png\" alt=\"\" class=\"wp-image-790\" srcset=\"https:\/\/www.prosportconcept.fr\/wp-content\/uploads\/2021\/04\/Capture-de\u0301cran-2021-04-15-a\u0300-10.33.41.png 937w, https:\/\/www.prosportconcept.fr\/wp-content\/uploads\/2021\/04\/Capture-de\u0301cran-2021-04-15-a\u0300-10.33.41-300x142.png 300w, https:\/\/www.prosportconcept.fr\/wp-content\/uploads\/2021\/04\/Capture-de\u0301cran-2021-04-15-a\u0300-10.33.41-768x363.png 768w\" sizes=\"auto, (max-width: 937px) 100vw, 937px\" \/><\/figure>\n\n\n\n<figure class=\"wp-block-image size-large\"><img loading=\"lazy\" decoding=\"async\" width=\"872\" height=\"382\" src=\"http:\/\/www.prosportconcept.fr\/wp-content\/uploads\/2021\/04\/Capture-de\u0301cran-2021-04-15-a\u0300-10.40.44.png\" alt=\"\" class=\"wp-image-793\" srcset=\"https:\/\/www.prosportconcept.fr\/wp-content\/uploads\/2021\/04\/Capture-de\u0301cran-2021-04-15-a\u0300-10.40.44.png 872w, https:\/\/www.prosportconcept.fr\/wp-content\/uploads\/2021\/04\/Capture-de\u0301cran-2021-04-15-a\u0300-10.40.44-300x131.png 300w, https:\/\/www.prosportconcept.fr\/wp-content\/uploads\/2021\/04\/Capture-de\u0301cran-2021-04-15-a\u0300-10.40.44-768x336.png 768w\" sizes=\"auto, (max-width: 872px) 100vw, 872px\" \/><\/figure>\n\n\n\n<p><\/p>\n\n\n\n<p><\/p>\n","protected":false},"excerpt":{"rendered":"<p>NOUS SITUER&nbsp; situ\u00e9 au c\u0153ur d\u2019une zone artisanale, ProSportConcept dispose d\u2019un parking et de locaux ad\u00e9quats pour recevoir tout public au 9, avenue Terreblanque \u2013 40230 Saint Vincent de Tyrosse. Accessible par\u00a0 Gare TGVDaxSt Vincent de TyrosseBayonne Sortie autorouteA63 PeyrehoradeA64 Benesse-Maremne NOS LOCAUX B\u00e2timent de 294 m2 avec \u00e9tage dont, une salle de classe de [&hellip;]<\/p>\n","protected":false},"author":1,"featured_media":0,"parent":0,"menu_order":0,"comment_status":"closed","ping_status":"closed","template":"","meta":{"_bbp_topic_count":0,"_bbp_reply_count":0,"_bbp_total_topic_count":0,"_bbp_total_reply_count":0,"_bbp_voice_count":0,"_bbp_anonymous_reply_count":0,"_bbp_topic_count_hidden":0,"_bbp_reply_count_hidden":0,"_bbp_forum_subforum_count":0,"footnotes":""},"class_list":["post-626","page","type-page","status-publish","hentry"],"_links":{"self":[{"href":"https:\/\/www.prosportconcept.fr\/index.php\/wp-json\/wp\/v2\/pages\/626","targetHints":{"allow":["GET"]}}],"collection":[{"href":"https:\/\/www.prosportconcept.fr\/index.php\/wp-json\/wp\/v2\/pages"}],"about":[{"href":"https:\/\/www.prosportconcept.fr\/index.php\/wp-json\/wp\/v2\/types\/page"}],"author":[{"embeddable":true,"href":"https:\/\/www.prosportconcept.fr\/index.php\/wp-json\/wp\/v2\/users\/1"}],"replies":[{"embeddable":true,"href":"https:\/\/www.prosportconcept.fr\/index.php\/wp-json\/wp\/v2\/comments?post=626"}],"version-history":[{"count":6,"href":"https:\/\/www.prosportconcept.fr\/index.php\/wp-json\/wp\/v2\/pages\/626\/revisions"}],"predecessor-version":[{"id":795,"href":"https:\/\/www.prosportconcept.fr\/index.php\/wp-json\/wp\/v2\/pages\/626\/revisions\/795"}],"wp:attachment":[{"href":"https:\/\/www.prosportconcept.fr\/index.php\/wp-json\/wp\/v2\/media?parent=626"}],"curies":[{"name":"wp","href":"https:\/\/api.w.org\/{rel}","templated":true}]}}